{"id":17111,"date":"2024-04-15T06:40:54","date_gmt":"2024-04-15T06:40:54","guid":{"rendered":"https:\/\/rocketbean.com\/?page_id=17111"},"modified":"2026-04-08T11:53:53","modified_gmt":"2026-04-08T11:53:53","slug":"taisykles-ir-salygos","status":"publish","type":"page","link":"https:\/\/rocketbean.com\/lt\/taisykles-ir-salygos\/","title":{"rendered":"PASLAUG\u0172 TEIKIMO S\u0104LYGOSTERMS"},"content":{"rendered":"\n<p id=\"block-0b75c01b-ebc3-46d3-b146-e70d0b01d365\">Internetin\u0117 svetain\u0117 <a href=\"https:\/\/rocketbean.com\/lt\/\">www.rocketbean.com <\/a>(toliau \u2013 elektronin\u0117 parduotuv\u0117) teikia svetain\u0117je prieinam\u0105 turin\u012f ir si\u016blo prekes \/ paslaugas vadovaudamasi \u0161iomis Paslaug\u0173 teikimo s\u0105lygomis.<br>f Use.<\/p>\n\n\n\n<h2 class=\"wp-block-heading\" id=\"block-0eb719ef-b00b-4468-bf7b-60fd32133930\">Bendrosios nuostatos<\/h2>\n\n\n\n<p id=\"block-69ab3bc2-de33-4146-9761-114a439dfba1\">1.1. Jei vartotojas \u012fsigyja prekes \/ paslaugas naudodamasis elektronin\u0117s parduotuv\u0117s svetaine, toks abipusis susitarimas laikomas Nuotoline sutartimi ir jam taikomi Latvijos Respublikos teis\u0117s aktai, reglamentuojantys nuotolines sutartis, \u012fskaitant, bet neapsiribojant, Latvijos Respublikos Vartotoj\u0173 teisi\u0173 apsaugos \u012fstatym\u0105, Ministr\u0173 kabineto nutarimus \u201eNuotolini\u0173 sutar\u010di\u0173 taisykl\u0117s\u201c ir kt.<\/p>\n\n\n\n<h2 class=\"wp-block-heading\" id=\"block-31c998f4-a491-4f26-a2c1-3063376df217\">Pirkim\u0173 vykdymas<\/h2>\n\n\n\n<p id=\"block-96ce76cb-0d8b-4580-bd34-c48139665f7c\">2.1. Elektronin\u0117je parduotuv\u0117je si\u016blomos prek\u0117s nurodomos kartu su j\u0173 kainomis ir specifikacijomis.<\/p>\n\n\n\n<p>2.2. Nor\u0117damas \u012fsigyti prek\u0119, pirk\u0117jas pasirenka norim\u0105 produkt\u0105, \u012fdeda j\u012f \u012f pirkini\u0173 krep\u0161el\u012f, u\u017epildo reikiamus laukus ir pasirenka tinkamiausi\u0105 pristatymo b\u016bd\u0105.<\/p>\n\n\n\n<p>2.3. Bendra u\u017esakymo suma, \u012fskaitant pristatymo i\u0161laidas, yra rodoma ekrane prie\u0161 patvirtinant u\u017esakym\u0105.<\/p>\n\n\n\n<p id=\"block-a5c394b0-c709-4189-bb83-2a0f76e2cf46\">2.4. Nor\u0117damas u\u017ebaigti u\u017esakym\u0105, pirk\u0117jas atlieka mok\u0117jim\u0105 pasirinktu mok\u0117jimo b\u016bdu.<\/p>\n\n\n\n<h2 class=\"wp-block-heading\" id=\"block-9facf4f5-4cd9-4e62-b8a0-d85be5d18e2d\">Mok\u0117jimo s\u0105lygos<\/h2>\n\n\n\n<p id=\"block-ab199d3e-54c7-4a4f-bbcb-9b1862893b44\">3.1. Atsiskaitym\u0173 valiuta Svetain\u0117je yra Euras.<\/p>\n\n\n\n<p>3.2. U\u017e Pirkinius galima atsiskaityti naudojant Visa \/ Mastercard Mok\u0117jimo korteles.<\/p>\n\n\n\n<p>3.3. Sutartis \u012fsigalioja s\u0117kmingai atlikus Mok\u0117jim\u0105. Jei d\u0117l bet koki\u0173 prie\u017eas\u010di\u0173 U\u017esakymas negali b\u016bti \u012fvykdytas, Pirk\u0117jas bus informuotas, o sumok\u0117ta suma gr\u0105\u017einama ne v\u0117liau kaip per 14 dien\u0173 nuo prane\u0161imo dienos.<\/p>\n\n\n\n<p id=\"block-e200dda3-08f8-4dd8-b8f0-87d80ca8925c\">3.4. Atlikdamas Pirkim\u0105, Pirk\u0117jas sutinka gauti s\u0105skait\u0105 fakt\u016br\u0105 elektroniniu b\u016bdu U\u017esakyme nurodytu el. pa\u0161to adresu.<\/p>\n\n\n\n<h2 class=\"wp-block-heading\" id=\"block-55f059c0-2c5d-4c06-884d-43d4cfd3ca7b\">Pristatymo s\u0105lygos<\/h2>\n\n\n\n<p id=\"block-2f036129-30c4-45c6-ba32-f636d87300da\">4.1. Prek\u0117s pristatomos \u012f \u0161ias \u0160alis: visas Europos S\u0105jungos Valstybes nares, \u0160veicarij\u0105, Jungtin\u0119 Karalyst\u0119, Norvegij\u0105, Saudo Arabij\u0105, \u0160iaur\u0117s Amerik\u0105 ir Nauj\u0105j\u0105 Zelandij\u0105.<\/p>\n\n\n\n<p>4.2. Pristatymo paslaugas teikia DPD.<\/p>\n\n\n\n<p>4.3. Pristatymo kaina nurodoma prie\u0161 patvirtinant u\u017esakym\u0105.<\/p>\n\n\n\n<p>4.4. Prek\u0117s pristatomos Pirk\u0117jo nurodytu adresu per 3\u20135 darbo dienas.<\/p>\n\n\n\n<p id=\"block-8ac84ea3-e99f-4eff-8eb9-c16d89b8a951\">4.5. I\u0161imtiniais atvejais pristatymas gali u\u017etrukti iki 45 kalendorini\u0173 dien\u0173, apie tai i\u0161 anksto informuojant Pirk\u0117j\u0105.<\/p>\n\n\n\n<h2 class=\"wp-block-heading\" id=\"block-f8b311d7-0c69-4099-9bf0-fe395653ac81\">Atsisakymo teis\u0117<\/h2>\n\n\n\n<p id=\"block-9dc35c88-e3df-4b8c-8651-c092d18bcdcb\">5.1. Pirk\u0117jas (fizinis asmuo) turi teis\u0119 atsisakyti Preki\u0173 per 14 kalendorini\u0173 dien\u0173 nuo j\u0173 gavimo momento, i\u0161skyrus \u0161i\u0173 S\u0105lyg\u0173 5.2 punkte nurodytus atvejus.<\/p>\n\n\n\n<p>5.2. Atsisakymo teis\u0117 netaikoma \u0161iais atvejais:<\/p>\n\n\n\n<p>5.2.1. Prek\u0117s d\u0117l savo pob\u016bd\u017eio yra greitai gendan\u010dios arba j\u0173 tinkamumo vartoti terminas yra trumpas (pvz., \u0161vie\u017eiai skrudinta kava ar kiti maisto produktai);<\/p>\n\n\n\n<p>5.2.2. Pirk\u0117jas atidar\u0117 produkto pakuot\u0119, kurios d\u0117l sveikatos apsaugos ar higienos prie\u017eas\u010di\u0173 negalima gr\u0105\u017einti (pvz., atidaryta kavos ar arbatos pakuot\u0117 ir pan.);&nbsp;<\/p>\n\n\n\n<p>5.2.3. Prek\u0117s yra pagamintos pagal Pirk\u0117jo nurodymus arba ai\u0161kiai pritaikytos individualiems Pirk\u0117jo poreikiams (pvz., kava sumalta pagal konkret\u0173 Pirk\u0117jo pageidavim\u0105).<\/p>\n\n\n\n<p>5.3. Siekiant pasinaudoti Atsisakymo teise, Prek\u0117s gali b\u016bti naudojamos tik pagal j\u0173 paskirt\u012f, o Pirk\u0117jas yra atsakingas u\u017e tinkamos j\u0173 b\u016bkl\u0117s i\u0161saugojim\u0105.&nbsp;<\/p>\n\n\n\n<p>5.4. Nor\u0117damas pasinaudoti Atsisakymo teise, Pirk\u0117jas turi pateikti atsisakymo prane\u0161im\u0105, i\u0161si\u0173sdamas j\u012f el. pa\u0161to adresu webshop@rocketbean.com.&nbsp;<\/p>\n\n\n\n<p>5.5. Pirk\u0117jas yra atsakingas u\u017e Preki\u0173 gr\u0105\u017einim\u0105, o Preki\u0173 gr\u0105\u017einimo pristatymo i\u0161laidas padengia Pirk\u0117jas, jei Prek\u0117s neatitinka U\u017esakymo.<\/p>\n\n\n\n<p id=\"block-bf8b8da3-e766-4a00-9212-3b28692ae1cb\">5.6. Pardav\u0117jas gr\u0105\u017eina gaut\u0105 Sum\u0105 ne v\u0117liau kaip per 14 dien\u0173 nuo Preki\u0173 gavimo.<\/p>\n\n\n\n<h2 class=\"wp-block-heading\" id=\"block-f13de034-4285-4c28-b564-8c9d07f60abd\">Vartotoj\u0173 teis\u0117s d\u0117l sutarties neatitinkan\u010di\u0173 preki\u0173<\/h2>\n\n\n\n<p id=\"block-81600984-8fe3-431b-851b-d8bf249cade4\">6.1. Pardav\u0117jas atsako u\u017e preki\u0173 neatitikim\u0105 sutarties s\u0105lygoms ar tr\u016bkumus, nustatytus per penkias darbo dienas nuo preki\u0173 gavimo.<\/p>\n\n\n\n<h2 class=\"wp-block-heading\" id=\"block-74699ed6-907a-47af-9b84-c4a635839bf2\"><strong>Pirk\u0117jo asmens duomen\u0173 tvarkyma<\/strong><\/h2>\n\n\n\n<p id=\"block-cd2183c1-3f52-4920-af28-9e8d8d46ee9f\">7.1. Pardav\u0117jas tvarko asmens duomenis, b\u016btinus u\u017esakymo apdorojimui ir preki\u0173 pristatymui.<\/p>\n\n\n\n<p>7.2. Pirk\u0117jas gali gauti rinkodaros prane\u0161imus tik tuo atveju, jei yra dav\u0119s ai\u0161k\u0173 sutikim\u0105.<\/p>\n\n\n\n<p id=\"block-28b67261-f29c-4c2e-b5ed-8d0aacaa7f14\">7.3. Pirk\u0117jas gali bet kada atsisakyti rinkodaros prane\u0161im\u0173, kreipdamasis el. pa\u0161tu webshop@rocketbean.com.<\/p>\n\n\n\n<h2 class=\"wp-block-heading\" id=\"block-54c51792-61ba-4b98-8a19-74c35862d66a\"><strong>Gin\u010d\u0173 sprendimo tvarka<\/strong><\/h2>\n\n\n\n<p id=\"block-316aa197-895b-49e3-9bce-6ca6afc39cd0\">8.1. Visi Gin\u010dai sprend\u017eiami Latvijos Respublikos Teismuose pagal Latvijos Respublikos teis\u0117s aktus.<\/p>\n\n\n\n<p><br><\/p>\n\n\n\n<p><\/p>\n","protected":false},"excerpt":{"rendered":"<p>Internetin\u0117 svetain\u0117 www.rocketbean.com (toliau \u2013 elektronin\u0117 parduotuv\u0117) teikia svetain\u0117je prieinam\u0105 turin\u012f ir si\u016blo prekes \/ paslaugas vadovaudamasi \u0161iomis Paslaug\u0173 teikimo s\u0105lygomis.f Use. Bendrosios nuostatos 1.1. Jei vartotojas \u012fsigyja prekes \/ paslaugas naudodamasis elektronin\u0117s parduotuv\u0117s svetaine, toks abipusis susitarimas laikomas Nuotoline sutartimi ir jam taikomi Latvijos Respublikos teis\u0117s aktai, reglamentuojantys nuotolines sutartis, \u012fskaitant, bet neapsiribojant, Latvijos [&hellip;]<\/p>\n","protected":false},"author":3,"featured_media":0,"parent":0,"menu_order":0,"comment_status":"closed","ping_status":"closed","template":"","meta":{"_acf_changed":false,"footnotes":""},"class_list":["post-17111","page","type-page","status-publish","hentry"],"acf":[],"_links":{"self":[{"href":"https:\/\/rocketbean.com\/lt\/wp-json\/wp\/v2\/pages\/17111","targetHints":{"allow":["GET"]}}],"collection":[{"href":"https:\/\/rocketbean.com\/lt\/wp-json\/wp\/v2\/pages"}],"about":[{"href":"https:\/\/rocketbean.com\/lt\/wp-json\/wp\/v2\/types\/page"}],"author":[{"embeddable":true,"href":"https:\/\/rocketbean.com\/lt\/wp-json\/wp\/v2\/users\/3"}],"replies":[{"embeddable":true,"href":"https:\/\/rocketbean.com\/lt\/wp-json\/wp\/v2\/comments?post=17111"}],"version-history":[{"count":3,"href":"https:\/\/rocketbean.com\/lt\/wp-json\/wp\/v2\/pages\/17111\/revisions"}],"predecessor-version":[{"id":17115,"href":"https:\/\/rocketbean.com\/lt\/wp-json\/wp\/v2\/pages\/17111\/revisions\/17115"}],"wp:attachment":[{"href":"https:\/\/rocketbean.com\/lt\/wp-json\/wp\/v2\/media?parent=17111"}],"curies":[{"name":"wp","href":"https:\/\/api.w.org\/{rel}","templated":true}]}}