{"id":17771,"date":"2026-01-16T14:01:28","date_gmt":"2026-01-16T14:01:28","guid":{"rendered":"https:\/\/rocketbean.com\/?page_id=17771"},"modified":"2026-05-15T06:43:26","modified_gmt":"2026-05-15T06:43:26","slug":"mahlkonig-kavos-maluneliai","status":"publish","type":"page","link":"https:\/\/rocketbean.com\/lt\/mahlkonig-kavos-maluneliai\/","title":{"rendered":"Mahlk\u00f6nig kavos mal\u016bn\u0117liai"},"content":{"rendered":"\n<p>Karali\u0161kas malimas i\u0161skirtinei kavai<\/p>\n","protected":false},"excerpt":{"rendered":"<p>Karali\u0161kas malimas i\u0161skirtinei kavai<\/p>\n","protected":false},"author":3,"featured_media":0,"parent":0,"menu_order":0,"comment_status":"closed","ping_status":"closed","template":"index.php","meta":{"_acf_changed":false,"footnotes":""},"class_list":["post-17771","page","type-page","status-publish","hentry"],"acf":[],"_links":{"self":[{"href":"https:\/\/rocketbean.com\/lt\/wp-json\/wp\/v2\/pages\/17771","targetHints":{"allow":["GET"]}}],"collection":[{"href":"https:\/\/rocketbean.com\/lt\/wp-json\/wp\/v2\/pages"}],"about":[{"href":"https:\/\/rocketbean.com\/lt\/wp-json\/wp\/v2\/types\/page"}],"author":[{"embeddable":true,"href":"https:\/\/rocketbean.com\/lt\/wp-json\/wp\/v2\/users\/3"}],"replies":[{"embeddable":true,"href":"https:\/\/rocketbean.com\/lt\/wp-json\/wp\/v2\/comments?post=17771"}],"version-history":[{"count":3,"href":"https:\/\/rocketbean.com\/lt\/wp-json\/wp\/v2\/pages\/17771\/revisions"}],"predecessor-version":[{"id":17776,"href":"https:\/\/rocketbean.com\/lt\/wp-json\/wp\/v2\/pages\/17771\/revisions\/17776"}],"wp:attachment":[{"href":"https:\/\/rocketbean.com\/lt\/wp-json\/wp\/v2\/media?parent=17771"}],"curies":[{"name":"wp","href":"https:\/\/api.w.org\/{rel}","templated":true}]}}