{"id":8109,"date":"2024-04-15T06:29:22","date_gmt":"2024-04-15T06:29:22","guid":{"rendered":"https:\/\/rocketbean.com\/privacy-policy-2\/"},"modified":"2026-04-08T11:53:23","modified_gmt":"2026-04-08T11:53:23","slug":"privatumo-politika","status":"publish","type":"page","link":"https:\/\/rocketbean.com\/lt\/privatumo-politika\/","title":{"rendered":"PRIVATUMO POLITIKA"},"content":{"rendered":"\n<p><strong>Bendrosios nuostatos<\/strong><\/p>\n\n\n\n<p>1.1. \u0160i Privatumo Politika apra\u0161o, kaip SIA \u201eKing Coffee Service\u201c (toliau \u2013 Duomen\u0173 valdytojas) renka, tvarko ir saugo asmens duomenis, gautus i\u0161 savo klient\u0173 ir asmen\u0173, kurie lankosi interneto svetain\u0117je (toliau \u2013 Duomen\u0173 subjektas).<\/p>\n\n\n\n<p>1.2. Asmens duomenys \u2013 tai bet kokia informacija, susijusi su identifikuotu arba identifikuojamu fiziniu asmeniu, t. y. Duomen\u0173 Subjektu. Tvarkymas \u2013 tai bet kokia su asmens duomenimis atliekama operacija, tokia kaip rinkimas, registravimas, keitimas, naudojimas, per\u017ei\u016bra, i\u0161trynimas ar sunaikinimas.<\/p>\n\n\n\n<p>1.3. Duomen\u0173 Valdytojas laikosi galiojan\u010diuose teis\u0117s aktuose nustatyt\u0173 asmens duomen\u0173 tvarkymo princip\u0173 ir patvirtina, kad asmens duomenys yra tvarkomi laikantis galiojan\u010di\u0173 teis\u0117s akt\u0173 reikalavim\u0173.<br><br><strong>Asmens duomen\u0173 rinkimas, tvarkymas ir saugojimas<\/strong><\/p>\n\n\n\n<p>2.1. Duomen\u0173 Valdytojas renka, tvarko ir saugo asmens tapatyb\u0119 leid\u017eian\u010di\u0105 nustatyti informacij\u0105 daugiausia per internetin\u0117s parduotuv\u0117s svetain\u0119 ir elektroniniu pa\u0161tu.<\/p>\n\n\n\n<p>2.2. Lankydamiesi svetain\u0117je ir naudodamiesi joje teikiamomis paslaugomis, j\u016bs sutinkate, kad visa pateikta informacija b\u016bt\u0173 naudojama ir tvarkoma pagal \u0161ioje Privatumo Politikoje nustatytus tikslus.<\/p>\n\n\n\n<p>2.3. Duomen\u0173 Subjektas yra atsakingas u\u017e pateikt\u0173 asmens duomen\u0173 teisingum\u0105, tikslum\u0105 ir i\u0161samum\u0105. S\u0105moningas neteisingos informacijos pateikimas laikomas \u0161ios Privatumo Politikos pa\u017eeidimu. Duomen\u0173 Subjektas privalo nedelsdamas informuoti Duomen\u0173 Valdytoj\u0105 apie bet kokius pateikt\u0173 asmens duomen\u0173 pasikeitimus.<\/p>\n\n\n\n<p>2.4. Duomen\u0173 Valdytojas neatsako u\u017e nuostolius, patirtus Duomen\u0173 Subjekto ar tre\u010di\u0173j\u0173 asmen\u0173, jei jie atsirado d\u0117l neteisingai pateikt\u0173 asmens duomen\u0173.<br><br><strong>Klient\u0173 Asmens Duomen\u0173 Tvarkymas<\/strong><strong><\/strong><\/p>\n\n\n\n<p>3.1. Duomen\u0173 Valdytojas gali tvarkyti \u0161iuos asmens duomenis:<\/p>\n\n\n\n<ul class=\"wp-block-list\">\n<li>vard\u0105, pavard\u0119;<\/li>\n\n\n\n<li>kontaktinius duomenis (el. pa\u0161to adres\u0105 ir (arba) telefono numer\u012f);<\/li>\n\n\n\n<li>sandori\u0173 duomenis (\u012fsigytas prekes, pristatymo adres\u0105, kain\u0105, mok\u0117jimo informacij\u0105 ir kt.);<\/li>\n\n\n\n<li>bet koki\u0105 kit\u0105 informacij\u0105, kuri\u0105 pateikiate naudodamiesi svetain\u0117je si\u016blomomis paslaugomis, pirkdami prekes ar susisiekdami su mumis.<\/li>\n<\/ul>\n\n\n\n<p>3.2. Mok\u0117jim\u0173 apdorojim\u0105 u\u017etikrina mok\u0117jim\u0173 platforma makecommerce.lv; tod\u0117l Duomen\u0173 Valdytojas perduoda mok\u0117jimui atlikti b\u016btinus asmens duomenis platformos valdytojui Maksekeskus AS.<\/p>\n\n\n\n<p>3.3. Duomen\u0173 Valdytojas turi teis\u0119 tikrinti pateikt\u0173 duomen\u0173 tikslum\u0105, naudodamasis vie\u0161ai prieinamais registrais.<\/p>\n\n\n\n<p>3.4. Asmens duomen\u0173 tvarkymo teisinis pagrindas yra 2016 m. baland\u017eio 27 d. Bendrojo duomen\u0173 apsaugos reglamento (ES) 2016\/679 (BDAR) 6 straipsnio 1 dalies a, b, c ir f punktai:<\/p>\n\n\n\n<p>a) Duomen\u0173 Subjektas dav\u0117 sutikim\u0105 tvarkyti savo asmens duomenis vienu ar keliais konkre\u010diais tikslais;<\/p>\n\n\n\n<p>b) tvarkymas yra b\u016btinas siekiant vykdyti sutart\u012f, kurios \u0161alis yra Duomen\u0173 Subjektas, arba imtis veiksm\u0173 Duomen\u0173 Subjekto pra\u0161ymu prie\u0161 sudarant sutart\u012f;<\/p>\n\n\n\n<p>c) tvarkymas yra b\u016btinas siekiant \u012fvykdyti Duomen\u0173 Valdytojui taikom\u0105 teisin\u0119 prievol\u0119;<\/p>\n\n\n\n<p>f) tvarkymas yra b\u016btinas siekiant teis\u0117t\u0173 Duomen\u0173 valdytojo ar tre\u010diosios \u0161alies interes\u0173, i\u0161skyrus atvejus, kai tokie interesai yra vir\u0161esni u\u017e Duomen\u0173 Subjekto interesus ar pagrindines teises ir laisves, kurioms reikalinga asmens duomen\u0173 apsauga.<\/p>\n\n\n\n<p>3.5. Duomen\u0173 Valdytojas saugo ir tvarko Duomen\u0173 Subjekto asmens duomenis tol, kol egzistuoja bent vienas i\u0161 \u0161i\u0173 kriterij\u0173:<\/p>\n\n\n\n<ul class=\"wp-block-list\">\n<li>asmens duomenys yra b\u016btini tikslams, kuriems jie buvo gauti;<\/li>\n\n\n\n<li>tiek, kiek pagal i\u0161or\u0117s norminius teis\u0117s aktus Duomen\u0173 Valdytojas ir (arba) Duomen\u0173 Subjektas gali \u012fgyvendinti savo teis\u0117tus interesus;<\/li>\n\n\n\n<li>egzistuoja teisin\u0117 prievol\u0117 saugoti duomenis, pavyzd\u017eiui, pagal Buhalterin\u0117s apskaitos \u012fstatym\u0105;<\/li>\n\n\n\n<li>galioja Duomen\u0173 Subjekto sutikimas d\u0117l atitinkamo asmens duomen\u0173 tvarkymo.<\/li>\n<\/ul>\n\n\n\n<p>3.6. Duomen\u0173 Valdytojas turi teis\u0119 perduoti j\u016bs\u0173 asmens duomenis bendradarbiavimo partneriams ir duomen\u0173 tvarkytojams, kurie m\u016bs\u0173 vardu atlieka b\u016btin\u0105 duomen\u0173 tvarkym\u0105, pavyzd\u017eiui, buhalteriams, kurjeri\u0173 paslaug\u0173 teik\u0117jams ir kt. Duomen\u0173 tvarkytojas yra asmens duomen\u0173 valdytojas.<\/p>\n\n\n\n<p>3.7. Tvarkydamas ir saugodamas asmens duomenis, Duomen\u0173 Valdytojas taiko organizacines ir technines priemones, siekdamas u\u017etikrinti asmens duomen\u0173 apsaug\u0105 nuo atsitiktinio ar neteis\u0117to sunaikinimo, pakeitimo, atskleidimo ar bet kokio kito neteis\u0117to tvarkymo.<br><strong><br>Duomen\u0173 Subjekto teis\u0117s<\/strong><\/p>\n\n\n\n<p>4.1. Vadovaujantis Bendruoju duomen\u0173 apsaugos reglamentu (BDAR) ir Latvijos Respublikos teis\u0117s aktais, j\u016bs turite teis\u0119:<\/p>\n\n\n\n<ul class=\"wp-block-list\">\n<li>susipa\u017einti su savo asmens duomenimis, gauti informacij\u0105 apie j\u0173 tvarkym\u0105, taip pat pra\u0161yti pateikti savo asmens duomen\u0173 kopij\u0105 elektroniniu formatu ir teis\u0119 \u012f \u0161i\u0173 duomen\u0173 perk\u0117lim\u0105 kitam duomen\u0173 valdytojui (duomen\u0173 perk\u0117limas);<\/li>\n\n\n\n<li>reikalauti i\u0161taisyti neteisingus, netikslius ar nei\u0161samius asmens duomenis;<\/li>\n\n\n\n<li>reikalauti i\u0161trinti savo asmens duomenis (\u201eteis\u0117 b\u016bti pamir\u0161tam\u201c), i\u0161skyrus atvejus, kai teis\u0117s aktai reikalauja duomenis saugoti;<\/li>\n\n\n\n<li>at\u0161aukti anks\u010diau duot\u0105 sutikim\u0105 tvarkyti asmens duomenis;<\/li>\n\n\n\n<li>apriboti savo duomen\u0173 tvarkym\u0105 \u2013 teis\u0119 reikalauti, kad laikinai b\u016bt\u0173 visi\u0161kai sustabdytas vis\u0173 j\u016bs\u0173 asmens duomen\u0173 tvarkymas.<\/li>\n<\/ul>\n\n\n\n<p>4.2. Pra\u0161ym\u0105 pasinaudoti savo teis\u0117mis galite pateikti elektroniniu b\u016bdu, kreipdamiesi \u012f klient\u0173 aptarnavimo skyri\u0173 el. pa\u0161to adresu webshop@rocketbean.com.<br><strong><br>Baigiamosios nuostatos<\/strong><\/p>\n\n\n\n<p>5.1. \u0160i Privatumo politika parengta vadovaujantis 2016 m. baland\u017eio 27 d. Europos Parlamento ir Tarybos reglamentu (ES) 2016\/679 d\u0117l fizini\u0173 asmen\u0173 apsaugos tvarkant asmens duomenis ir d\u0117l laisvo toki\u0173 duomen\u0173 jud\u0117jimo, kuriuo panaikinama Direktyva 95\/46\/EB (Bendrasis duomen\u0173 apsaugos reglamentas), taip pat galiojan\u010diais Latvijos Respublikos ir Europos S\u0105jungos teis\u0117s aktais.<\/p>\n\n\n\n<p>5.2. Duomen\u0173 valdytojas turi teis\u0119 bet kuriuo metu ir be i\u0161ankstinio \u012fsp\u0117jimo keisti ar papildyti \u0161i\u0105 Privatumo politik\u0105. Pakeitimai \u012fsigalioja nuo j\u0173 paskelbimo interneto svetain\u0117je www.rocketbean.com.<\/p>\n","protected":false},"excerpt":{"rendered":"<p>Bendrosios nuostatos 1.1. \u0160i Privatumo Politika apra\u0161o, kaip SIA \u201eKing Coffee Service\u201c (toliau \u2013 Duomen\u0173 valdytojas) renka, tvarko ir saugo asmens duomenis, gautus i\u0161 savo klient\u0173 ir asmen\u0173, kurie lankosi interneto svetain\u0117je (toliau \u2013 Duomen\u0173 subjektas). 1.2. Asmens duomenys \u2013 tai bet kokia informacija, susijusi su identifikuotu arba identifikuojamu fiziniu asmeniu, t. y. Duomen\u0173 Subjektu. [&hellip;]<\/p>\n","protected":false},"author":1,"featured_media":0,"parent":0,"menu_order":0,"comment_status":"closed","ping_status":"closed","template":"","meta":{"_acf_changed":false,"footnotes":""},"class_list":["post-8109","page","type-page","status-publish","hentry"],"acf":[],"_links":{"self":[{"href":"https:\/\/rocketbean.com\/lt\/wp-json\/wp\/v2\/pages\/8109","targetHints":{"allow":["GET"]}}],"collection":[{"href":"https:\/\/rocketbean.com\/lt\/wp-json\/wp\/v2\/pages"}],"about":[{"href":"https:\/\/rocketbean.com\/lt\/wp-json\/wp\/v2\/types\/page"}],"author":[{"embeddable":true,"href":"https:\/\/rocketbean.com\/lt\/wp-json\/wp\/v2\/users\/1"}],"replies":[{"embeddable":true,"href":"https:\/\/rocketbean.com\/lt\/wp-json\/wp\/v2\/comments?post=8109"}],"version-history":[{"count":3,"href":"https:\/\/rocketbean.com\/lt\/wp-json\/wp\/v2\/pages\/8109\/revisions"}],"predecessor-version":[{"id":16367,"href":"https:\/\/rocketbean.com\/lt\/wp-json\/wp\/v2\/pages\/8109\/revisions\/16367"}],"wp:attachment":[{"href":"https:\/\/rocketbean.com\/lt\/wp-json\/wp\/v2\/media?parent=8109"}],"curies":[{"name":"wp","href":"https:\/\/api.w.org\/{rel}","templated":true}]}}