{"id":11579,"date":"2025-04-25T04:20:43","date_gmt":"2025-04-25T04:20:43","guid":{"rendered":"https:\/\/rocketbean.com\/?page_id=11579"},"modified":"2026-02-03T10:02:25","modified_gmt":"2026-02-03T10:02:25","slug":"lietosanas-noteikumi","status":"publish","type":"page","link":"https:\/\/rocketbean.com\/lv\/lietosanas-noteikumi\/","title":{"rendered":"Lieto\u0161anas noteikumi"},"content":{"rendered":"\n<p class=\"has-black-color has-text-color has-link-color wp-elements-125084a2f02473a5aeaa9267ea3ab71d\"><strong>www.rocketbean.com<\/strong> (turpm\u0101k \u2013 &#8220;interneta veikals&#8221;) nodro\u0161ina m\u0101jas lap\u0101 pieejamo saturu un sniedz preces\/pakalpojumus saska\u0146\u0101 ar \u0161iem Lieto\u0161anas noteikumiem.<\/p>\n\n\n\n<h3 class=\"wp-block-heading\">Visp\u0101r\u012bgie noteikumi<\/h3>\n\n\n\n<p>1.1. Ja pat\u0113r\u0113t\u0101js, izmantojot interneta veikala m\u0101jas lapu, ieg\u0101d\u0101jas preces\/pakalpojumus, tad \u0161\u0101da savstarp\u0113ja vieno\u0161an\u0101s tiek uzskat\u012bta par Distances l\u012bgumu un ir pak\u013cauta Latvijas Republikas ties\u012bbu norm\u0101m, kas regul\u0113 distances l\u012bgumu, tostarp, bet ne tikai, Latvijas Republikas \u201ePat\u0113r\u0113t\u0101ju ties\u012bbu aizsardz\u012bbas likums\u201d, Latvijas Republikas Ministru Kabineta noteikumiem \u201eNoteikumi par distances l\u012bgumu\u201d u.c.<\/p>\n\n\n\n<h3 class=\"wp-block-heading\">Pirkumu veik\u0161ana<\/h3>\n\n\n\n<p class=\"has-black-color has-text-color has-link-color wp-elements-7a1c1a5dd4c444b3d26993b6dbba3987\">2.1. Preces, kuras tiek pied\u0101v\u0101tas interneta veikal\u0101, ir nor\u0101d\u012btas ar to cen\u0101m un specifik\u0101cij\u0101m.<\/p>\n\n\n\n<p class=\"has-black-color has-text-color has-link-color wp-elements-35790190ca8fa43c1f17a270066d88b4\">2.2. Lai veiktu pirkumu, izv\u0113lieties v\u0113lamo preci, pievienojiet to iepirkumu grozam, aizpildiet nepiecie\u0161amos laukus un izv\u0113lieties piem\u0113rot\u0101ko pieg\u0101des veidu.<\/p>\n\n\n\n<p class=\"has-black-color has-text-color has-link-color wp-elements-7e1a05a2efc095c6b8ed7e8921c36826\">2.3. Pas\u016bt\u012bjuma kop\u0113j\u0101s izmaksas, ieskaitot pieg\u0101di, tiek nor\u0101d\u012btas uz ekr\u0101na pirms pas\u016bt\u012bjuma apstiprin\u0101\u0161anas.<\/p>\n\n\n\n<p class=\"has-black-color has-text-color has-link-color wp-elements-e535e8362ccc397eed52f9e37f06518a\">2.4. Lai pabeigtu pas\u016bt\u012bjumu, apmaks\u0101jiet to ar izv\u0113l\u0113to maks\u0101juma metodi.<\/p>\n\n\n\n<h3 class=\"wp-block-heading\">Apmaksas noteikumi<\/h3>\n\n\n\n<p class=\"has-black-color has-text-color has-link-color wp-elements-4c7d736f6c3cc3f777888783718c890a\">3.1. Nor\u0113\u0137inu val\u016bta vietn\u0113 ir eiro.<\/p>\n\n\n\n<p class=\"has-black-color has-text-color has-link-color wp-elements-231df2236f2b463468609e0a9ceb17ff\">3.2. Pirkumu var apmaks\u0101t, izmantojot Visa\/Mastercard kar\u0161u maks\u0101jumus.<\/p>\n\n\n\n<p class=\"has-black-color has-text-color has-link-color wp-elements-ed29b320c6b6b218195adc0ddfb3d172\">3.3. L\u012bgums st\u0101jas sp\u0113k\u0101, kad ir sekm\u012bgi veikts maks\u0101jums. Ja k\u0101du iemeslu d\u0113\u013c pas\u016bt\u012bjums nevar tikt izpild\u012bts, pirc\u0113js tiek inform\u0113ts, un samaks\u0101t\u0101 summa tiek atmaks\u0101ta ne v\u0113l\u0101k k\u0101 14 dienu laik\u0101 p\u0113c pazi\u0146ojuma sa\u0146em\u0161anas.<\/p>\n\n\n\n<p>3.4. Veicot pirkumu, Pirc\u0113js piekr\u012bt sa\u0146emt r\u0113\u0137inu elektroniski uz pas\u016bt\u012bjum\u0101 nor\u0101d\u012bto e-pasta adresi.<\/p>\n\n\n\n<h3 class=\"wp-block-heading\">Pieg\u0101des noteikumi<\/h3>\n\n\n\n<p>4.1. Preces tiek pieg\u0101d\u0101tas uz \u0161\u012bm valst\u012bm: vis\u0101m EU dal\u012bbvalst\u012bm, \u0160veici, Lielbrit\u0101niju, Norv\u0113\u0123iju, Sa\u016bda Ar\u0101biju, Zieme\u013cameriku, Jaunz\u0113landi.<\/p>\n\n\n\n<p>4.2. Pieg\u0101des pakalpojumu nodro\u0161ina Venipak, DPD, Omniva.<\/p>\n\n\n\n<p>4.3. Pieg\u0101des izmaksas tiek nor\u0101d\u012btas pirms pas\u016bt\u012bjuma apstiprin\u0101\u0161anas.<\/p>\n\n\n\n<p>4.4. Preces tiek pieg\u0101d\u0101tas uz Pirc\u0113ja nor\u0101d\u012bto adresi 3\u20135 darba dienu laik\u0101.<\/p>\n\n\n\n<p>4.5. Iz\u0146\u0113muma gad\u012bjumos pieg\u0101de var aiz\u0146emt l\u012bdz 45 kalend\u0101ra dien\u0101m, par to inform\u0113jot Pirc\u0113ju.<\/p>\n\n\n\n<h3 class=\"wp-block-heading\">Atteikuma ties\u012bbas<\/h3>\n\n\n\n<p>5.1. Pirc\u0113jam (fiziskai personai) ir ties\u012bbas atteikties no preces 14 kalend\u0101ro dienu laik\u0101 no t\u0101s sa\u0146em\u0161anas br\u012b\u017ea, iz\u0146emot \u0161o noteikumu 5.2. punkt\u0101 min\u0113tos gad\u012bjumus.<\/p>\n\n\n\n<p>5.2. Atteikuma ties\u012bbas nav izmantojamas \u0161\u0101dos gad\u012bjumos:as nav piem\u0113rojamas, ja Pirc\u0113js ir juridiska persona.<br>       5.2.1. Prece p\u0113c rakstura \u0101tri boj\u0101jas vai tai dr\u012bz beidzas der\u012bguma termi\u0146\u0161 (piem\u0113ram, svaigi grauzd\u0113ta kafija vai citi p\u0101rtikas produkti);<\/p>\n\n\n\n<p>       5.2.2. Pirc\u0113js ir atv\u0113ris iepakojumu precei, kuru vesel\u012bbas un higi\u0113nas apsv\u0113rumu d\u0113\u013c nevar atdot atpaka\u013c (piem\u0113ram, atv\u0113rts kafijas iepakojums, t\u0113ja u.tml.);<\/p>\n\n\n\n<p>      5.2.3. Prece ir izgatavota p\u0113c Pirc\u0113ja nor\u0101d\u012bjumiem vai ir nep\u0101rprotami personaliz\u0113ta (piem\u0113ram, kafija, kas samalta p\u0113c speci\u0101la Pirc\u0113ja piepras\u012bjuma).<\/p>\n\n\n\n<p>5.3. Lai izmantotu atteikuma ties\u012bbas, prece j\u0101izlieto tikai t\u0101s paredz\u0113tajiem m\u0113r\u0137iem, un Pirc\u0113js ir atbild\u012bgs par t\u0101s saglab\u0101\u0161anu lab\u0101 st\u0101vokl\u012b.<\/p>\n\n\n\n<p>5.4. Lai izmantotu atteikuma ties\u012bbas, Pirc\u0113jam ir j\u0101iesniedz atteikuma v\u0113stule, nos\u016btot to uz e-pasta adresi <a class=\"\">webshop@rocketbean.com<\/a><\/p>\n\n\n\n<p>5.5. Pirc\u0113js atbild par preces atgrie\u0161anu, un pieg\u0101des izmaksas par atgrie\u0161anu sedz Pirc\u0113js, ja prece neatbilst pas\u016bt\u012btajam.<\/p>\n\n\n\n<p>5.6. P\u0101rdev\u0113js atmaks\u0101 sa\u0146emto summu ne v\u0113l\u0101k k\u0101 14 dienu laik\u0101 p\u0113c preces sa\u0146em\u0161anas.<\/p>\n\n\n\n<h3 class=\"wp-block-heading\">Pat\u0113r\u0113t\u0101ja ties\u012bbas saist\u012bb\u0101 ar l\u012bgumam neatbilsto\u0161u preci<\/h3>\n\n\n\n<p>6.1. P\u0101rdev\u0113js atbild par pre\u010du neatbilst\u012bbu l\u012bguma noteikumiem vai tr\u016bkumiem, kas konstat\u0113ti piecu darba dienu laik\u0101 p\u0113c preces sa\u0146em\u0161anas.<\/p>\n\n\n\n<h3 class=\"wp-block-heading\">Pirc\u0113ja personas datu apstr\u0101de<\/h3>\n\n\n\n<p>7.1. P\u0101rdev\u0113js apstr\u0101d\u0101 personas datus, kas nepiecie\u0161ami pas\u016bt\u012bjuma apstr\u0101dei un pieg\u0101dei.<\/p>\n\n\n\n<p>7.2. Pirc\u0113js var sa\u0146emt m\u0101rketinga pazi\u0146ojumus, ja ir sniedzis nep\u0101rprotamu piekri\u0161anu.<\/p>\n\n\n\n<p>7.3. Pirc\u0113js var atteikties no m\u0101rketinga pazi\u0146ojumiem, rakstot uz e-pastu <a class=\"\">webshop@rocketbean.com<\/a><\/p>\n\n\n\n<h3 class=\"wp-block-heading\">Str\u012bdu iz\u0161\u0137ir\u0161anas k\u0101rt\u012bba<\/h3>\n\n\n\n<p>8.1. Str\u012bdi tiek risin\u0101ti Latvijas Republikas ties\u0101 saska\u0146\u0101 ar LR normat\u012bvajiem aktiem.<\/p>\n\n\n\n<p>8.2. Pirc\u0113jam ir ties\u012bbas v\u0113rsties Pat\u0113r\u0113t\u0101ju ties\u012bbu aizsardz\u012bbas centr\u0101 vai Eiropas Savien\u012bbas str\u012bdu iz\u0161\u0137ir\u0161anas iest\u0101d\u0113s.<\/p>\n","protected":false},"excerpt":{"rendered":"<p>www.rocketbean.com (turpm\u0101k \u2013 &#8220;interneta veikals&#8221;) nodro\u0161ina m\u0101jas lap\u0101 pieejamo saturu un sniedz preces\/pakalpojumus saska\u0146\u0101 ar \u0161iem Lieto\u0161anas noteikumiem. Visp\u0101r\u012bgie noteikumi 1.1. Ja pat\u0113r\u0113t\u0101js, izmantojot interneta veikala m\u0101jas lapu, ieg\u0101d\u0101jas preces\/pakalpojumus, tad \u0161\u0101da savstarp\u0113ja vieno\u0161an\u0101s tiek uzskat\u012bta par Distances l\u012bgumu un ir pak\u013cauta Latvijas Republikas ties\u012bbu norm\u0101m, kas regul\u0113 distances l\u012bgumu, tostarp, bet ne tikai, Latvijas [&hellip;]<\/p>\n","protected":false},"author":1,"featured_media":0,"parent":0,"menu_order":0,"comment_status":"closed","ping_status":"closed","template":"","meta":{"_acf_changed":false,"footnotes":""},"class_list":["post-11579","page","type-page","status-publish","hentry"],"acf":[],"_links":{"self":[{"href":"https:\/\/rocketbean.com\/lv\/wp-json\/wp\/v2\/pages\/11579","targetHints":{"allow":["GET"]}}],"collection":[{"href":"https:\/\/rocketbean.com\/lv\/wp-json\/wp\/v2\/pages"}],"about":[{"href":"https:\/\/rocketbean.com\/lv\/wp-json\/wp\/v2\/types\/page"}],"author":[{"embeddable":true,"href":"https:\/\/rocketbean.com\/lv\/wp-json\/wp\/v2\/users\/1"}],"replies":[{"embeddable":true,"href":"https:\/\/rocketbean.com\/lv\/wp-json\/wp\/v2\/comments?post=11579"}],"version-history":[{"count":16,"href":"https:\/\/rocketbean.com\/lv\/wp-json\/wp\/v2\/pages\/11579\/revisions"}],"predecessor-version":[{"id":16183,"href":"https:\/\/rocketbean.com\/lv\/wp-json\/wp\/v2\/pages\/11579\/revisions\/16183"}],"wp:attachment":[{"href":"https:\/\/rocketbean.com\/lv\/wp-json\/wp\/v2\/media?parent=11579"}],"curies":[{"name":"wp","href":"https:\/\/api.w.org\/{rel}","templated":true}]}}