{"id":1223,"date":"2024-02-22T14:08:53","date_gmt":"2024-02-22T14:08:53","guid":{"rendered":"https:\/\/68.183.212.121\/uznemejdarbibai\/"},"modified":"2026-04-08T12:26:01","modified_gmt":"2026-04-08T12:26:01","slug":"uznemumiem","status":"publish","type":"page","link":"https:\/\/rocketbean.com\/lv\/uznemumiem\/","title":{"rendered":"Uz\u0146\u0113m\u0113jdarb\u012bbai"},"content":{"rendered":"","protected":false},"excerpt":{"rendered":"","protected":false},"author":1,"featured_media":0,"parent":0,"menu_order":0,"comment_status":"closed","ping_status":"closed","template":"index.php","meta":{"_acf_changed":false,"footnotes":""},"class_list":["post-1223","page","type-page","status-publish","hentry"],"acf":[],"_links":{"self":[{"href":"https:\/\/rocketbean.com\/lv\/wp-json\/wp\/v2\/pages\/1223","targetHints":{"allow":["GET"]}}],"collection":[{"href":"https:\/\/rocketbean.com\/lv\/wp-json\/wp\/v2\/pages"}],"about":[{"href":"https:\/\/rocketbean.com\/lv\/wp-json\/wp\/v2\/types\/page"}],"author":[{"embeddable":true,"href":"https:\/\/rocketbean.com\/lv\/wp-json\/wp\/v2\/users\/1"}],"replies":[{"embeddable":true,"href":"https:\/\/rocketbean.com\/lv\/wp-json\/wp\/v2\/comments?post=1223"}],"version-history":[{"count":18,"href":"https:\/\/rocketbean.com\/lv\/wp-json\/wp\/v2\/pages\/1223\/revisions"}],"predecessor-version":[{"id":15618,"href":"https:\/\/rocketbean.com\/lv\/wp-json\/wp\/v2\/pages\/1223\/revisions\/15618"}],"wp:attachment":[{"href":"https:\/\/rocketbean.com\/lv\/wp-json\/wp\/v2\/media?parent=1223"}],"curies":[{"name":"wp","href":"https:\/\/api.w.org\/{rel}","templated":true}]}}