{"id":1275,"date":"2024-02-29T07:59:43","date_gmt":"2024-02-29T07:59:43","guid":{"rendered":"https:\/\/68.183.212.121\/cart\/"},"modified":"2025-10-28T09:22:05","modified_gmt":"2025-10-28T09:22:05","slug":"mans-grozs","status":"publish","type":"page","link":"https:\/\/rocketbean.com\/lv\/mans-grozs\/","title":{"rendered":"Mans grozs"},"content":{"rendered":"\n<div data-block-name=\"woocommerce\/cart\" class=\"wp-block-woocommerce-cart alignwide is-loading wc-block-cart\">\n<div data-block-name=\"woocommerce\/filled-cart-block\" class=\"wp-block-woocommerce-filled-cart-block\">\n<div data-block-name=\"woocommerce\/cart-items-block\" class=\"wp-block-woocommerce-cart-items-block\">\n<div data-block-name=\"woocommerce\/cart-line-items-block\" class=\"wp-block-woocommerce-cart-line-items-block\"><\/div>\n\n\n<\/div>\n\n\n\n<div data-block-name=\"woocommerce\/cart-totals-block\" class=\"wp-block-woocommerce-cart-totals-block\">\n<div data-block-name=\"woocommerce\/cart-order-summary-block\" class=\"wp-block-woocommerce-cart-order-summary-block\">\n<div data-block-name=\"woocommerce\/cart-order-summary-heading-block\" class=\"wp-block-woocommerce-cart-order-summary-heading-block\"><\/div>\n\n\n\n<div data-block-name=\"woocommerce\/cart-order-summary-coupon-form-block\" class=\"wp-block-woocommerce-cart-order-summary-coupon-form-block\"><\/div>\n\n\n\n<div data-block-name=\"woocommerce\/cart-order-summary-totals-block\" class=\"wp-block-woocommerce-cart-order-summary-totals-block\">\n<div data-block-name=\"woocommerce\/cart-order-summary-subtotal-block\" class=\"wp-block-woocommerce-cart-order-summary-subtotal-block\"><\/div>\n\n\n\n<div data-block-name=\"woocommerce\/cart-order-summary-fee-block\" class=\"wp-block-woocommerce-cart-order-summary-fee-block\"><\/div>\n\n\n\n<div data-block-name=\"woocommerce\/cart-order-summary-discount-block\" class=\"wp-block-woocommerce-cart-order-summary-discount-block\"><\/div>\n\n\n\n<div data-block-name=\"woocommerce\/cart-order-summary-shipping-block\" class=\"wp-block-woocommerce-cart-order-summary-shipping-block\"><\/div>\n\n\n\n<div data-block-name=\"woocommerce\/cart-order-summary-taxes-block\" class=\"wp-block-woocommerce-cart-order-summary-taxes-block\"><\/div>\n<\/div>\n<\/div>\n\n\n\n<div data-block-name=\"woocommerce\/cart-express-payment-block\" class=\"wp-block-woocommerce-cart-express-payment-block\"><\/div>\n\n\n\n<div data-block-name=\"woocommerce\/proceed-to-checkout-block\" class=\"wp-block-woocommerce-proceed-to-checkout-block\"><\/div>\n\n\n\n<div data-block-name=\"woocommerce\/cart-accepted-payment-methods-block\" class=\"wp-block-woocommerce-cart-accepted-payment-methods-block\"><\/div>\n<\/div>\n<\/div>\n\n\n\n<div data-block-name=\"woocommerce\/empty-cart-block\" class=\"wp-block-woocommerce-empty-cart-block\">\n<h2 class=\"wp-block-heading has-text-align-center with-empty-cart-icon wc-block-cart__empty-cart__title\">Your cart is currently empty!<\/h2>\n\n\n\n<p class=\"has-text-align-center\"><a href=\"https:\/\/rocketbean.com\/lv\/for-individuals\/shop\/\">Browse store<\/a><\/p>\n\n\n\n<hr class=\"wp-block-separator has-alpha-channel-opacity is-style-dots\"\/>\n\n\n\n<h2 class=\"wp-block-heading has-text-align-center\">New in store<\/h2>\n\n\n<div data-block-name=\"woocommerce\/product-new\" data-columns=\"4\" data-rows=\"1\" class=\"wc-block-grid wp-block-product-new wp-block-woocommerce-product-new wc-block-product-new has-4-columns\"><ul class=\"wc-block-grid__products\"><li class=\"wc-block-grid__product\"><span class=\"gtm4wp_productdata\" style=\"display:none; visibility:hidden;\" data-gtm4wp_product_data=\"{&quot;internal_id&quot;:17272,&quot;item_id&quot;:17272,&quot;item_name&quot;:&quot;Kenija | Re\\u0123ion\\u0101lo s\\u012bksaimniec\\u012bbu kafijas mais\\u012bjums, Mazg\\u0101ta&quot;,&quot;sku&quot;:17272,&quot;price&quot;:14,&quot;stocklevel&quot;:null,&quot;stockstatus&quot;:&quot;instock&quot;,&quot;google_business_vertical&quot;:&quot;retail&quot;,&quot;item_category&quot;:&quot;Filter&quot;,&quot;id&quot;:17272,&quot;productlink&quot;:&quot;https:\\\/\\\/rocketbean.com\\\/lv\\\/for-individuals\\\/shop\\\/kenya-regional-smallholder-blend-washed\\\/&quot;,&quot;item_list_name&quot;:&quot;General Product List&quot;,&quot;index&quot;:0,&quot;product_type&quot;:&quot;variable&quot;,&quot;item_brand&quot;:&quot;&quot;}\"><\/span>\n\t\t\t\t<a href=\"https:\/\/rocketbean.com\/lv\/for-individuals\/shop\/kenya-regional-smallholder-blend-washed\/\" class=\"wc-block-grid__product-link\">\n\t\t\t\t\t\n\t\t\t\t\t<div class=\"wc-block-grid__product-image\"><img loading=\"lazy\" decoding=\"async\" width=\"300\" height=\"300\" src=\"https:\/\/rocketbean.com\/wp-content\/uploads\/2026\/04\/Kenya-Silver-Web-300x300.png\" class=\"attachment-woocommerce_thumbnail size-woocommerce_thumbnail\" alt=\"Kenija | Re\u0123ion\u0101lo s\u012bksaimniec\u012bbu kafijas mais\u012bjums, Mazg\u0101ta\" srcset=\"https:\/\/rocketbean.com\/wp-content\/uploads\/2026\/04\/Kenya-Silver-Web-300x300.png 300w, https:\/\/rocketbean.com\/wp-content\/uploads\/2026\/04\/Kenya-Silver-Web-150x150.png 150w, https:\/\/rocketbean.com\/wp-content\/uploads\/2026\/04\/Kenya-Silver-Web-768x768.png 768w, https:\/\/rocketbean.com\/wp-content\/uploads\/2026\/04\/Kenya-Silver-Web-600x600.png 600w, https:\/\/rocketbean.com\/wp-content\/uploads\/2026\/04\/Kenya-Silver-Web-100x100.png 100w, https:\/\/rocketbean.com\/wp-content\/uploads\/2026\/04\/Kenya-Silver-Web-50x50.png 50w, https:\/\/rocketbean.com\/wp-content\/uploads\/2026\/04\/Kenya-Silver-Web.png 800w\" sizes=\"auto, (max-width: 300px) 100vw, 300px\" \/><\/div>\n\t\t\t\t\t<div class=\"wc-block-grid__product-title\">Kenija | Re\u0123ion\u0101lo s\u012bksaimniec\u012bbu kafijas mais\u012bjums, Mazg\u0101ta<\/div>\n\t\t\t\t<\/a>\n\t\t\t\t<div class=\"wc-block-grid__product-price price\"><ins class=\"highlight\"><span class=\"woocommerce-Price-amount amount\">14,00&nbsp;<span class=\"woocommerce-Price-currencySymbol\">&euro;<\/span><\/span><\/ins><\/div>\n\t\t\t\t\n\t\t\t\t<div class=\"wp-block-button wc-block-grid__product-add-to-cart\"><a href=\"https:\/\/rocketbean.com\/lv\/for-individuals\/shop\/kenya-regional-smallholder-blend-washed\/\" aria-label=\"Select options for &ldquo;Kenija | Re\u0123ion\u0101lo s\u012bksaimniec\u012bbu kafijas mais\u012bjums, Mazg\u0101ta&rdquo;\" data-quantity=\"1\" data-product_id=\"17272\" data-product_sku=\"\" data-price=\"14\" rel=\"nofollow\" class=\"wp-block-button__link  add_to_cart_button\">Pievienot grozam<\/a><\/div>\n\t\t\t<\/li><li class=\"wc-block-grid__product\"><span class=\"gtm4wp_productdata\" style=\"display:none; visibility:hidden;\" data-gtm4wp_product_data=\"{&quot;internal_id&quot;:16810,&quot;item_id&quot;:16810,&quot;item_name&quot;:&quot;ESPR\\u00c9VA | Sejas Serums, 30 ml&quot;,&quot;sku&quot;:&quot;RB290100001&quot;,&quot;price&quot;:35,&quot;stocklevel&quot;:null,&quot;stockstatus&quot;:&quot;instock&quot;,&quot;google_business_vertical&quot;:&quot;retail&quot;,&quot;item_category&quot;:&quot;Rocket Merch&quot;,&quot;id&quot;:16810,&quot;productlink&quot;:&quot;https:\\\/\\\/rocketbean.com\\\/lv\\\/for-individuals\\\/shop\\\/espreva-face-serum-30-ml\\\/&quot;,&quot;item_list_name&quot;:&quot;General Product List&quot;,&quot;index&quot;:0,&quot;product_type&quot;:&quot;simple&quot;,&quot;item_brand&quot;:&quot;&quot;}\"><\/span>\n\t\t\t\t<a href=\"https:\/\/rocketbean.com\/lv\/for-individuals\/shop\/espreva-face-serum-30-ml\/\" class=\"wc-block-grid__product-link\">\n\t\t\t\t\t\n\t\t\t\t\t<div class=\"wc-block-grid__product-image\"><img loading=\"lazy\" decoding=\"async\" width=\"300\" height=\"300\" src=\"https:\/\/rocketbean.com\/wp-content\/uploads\/2026\/03\/InfografikaEspreva-2-Edited-300x300.png\" class=\"attachment-woocommerce_thumbnail size-woocommerce_thumbnail\" alt=\"ESPR\u00c9VA | Sejas Serums, 30 ml\" srcset=\"https:\/\/rocketbean.com\/wp-content\/uploads\/2026\/03\/InfografikaEspreva-2-Edited-300x300.png 300w, https:\/\/rocketbean.com\/wp-content\/uploads\/2026\/03\/InfografikaEspreva-2-Edited-150x150.png 150w, https:\/\/rocketbean.com\/wp-content\/uploads\/2026\/03\/InfografikaEspreva-2-Edited-100x100.png 100w, https:\/\/rocketbean.com\/wp-content\/uploads\/2026\/03\/InfografikaEspreva-2-Edited-50x50.png 50w\" sizes=\"auto, (max-width: 300px) 100vw, 300px\" \/><\/div>\n\t\t\t\t\t<div class=\"wc-block-grid__product-title\">ESPR\u00c9VA | Sejas Serums, 30 ml<\/div>\n\t\t\t\t<\/a>\n\t\t\t\t<div class=\"wc-block-grid__product-price price\"><span class=\"woocommerce-Price-amount amount\">35,00&nbsp;<span class=\"woocommerce-Price-currencySymbol\">&euro;<\/span><\/span><\/div>\n\t\t\t\t\n\t\t\t\t<div class=\"wp-block-button wc-block-grid__product-add-to-cart\"><a href=\"\/lv\/wp-json\/wp\/v2\/pages\/1275?add-to-cart=16810\" aria-label=\"Add to cart: &ldquo;ESPR\u00c9VA | Sejas Serums, 30 ml&rdquo;\" data-quantity=\"1\" data-product_id=\"16810\" data-product_sku=\"RB290100001\" data-price=\"35\" rel=\"nofollow\" class=\"wp-block-button__link  add_to_cart_button ajax_add_to_cart\">Pievienot grozam<\/a><\/div>\n\t\t\t<\/li><li class=\"wc-block-grid__product\"><span class=\"gtm4wp_productdata\" style=\"display:none; visibility:hidden;\" data-gtm4wp_product_data=\"{&quot;internal_id&quot;:16624,&quot;item_id&quot;:16624,&quot;item_name&quot;:&quot;Peu | La Coipa, Mazg\\u0101ta&quot;,&quot;sku&quot;:16624,&quot;price&quot;:15,&quot;stocklevel&quot;:null,&quot;stockstatus&quot;:&quot;instock&quot;,&quot;google_business_vertical&quot;:&quot;retail&quot;,&quot;item_category&quot;:&quot;Kafija&quot;,&quot;id&quot;:16624,&quot;productlink&quot;:&quot;https:\\\/\\\/rocketbean.com\\\/lv\\\/for-individuals\\\/shop\\\/peu-la-coipa-mazgata\\\/&quot;,&quot;item_list_name&quot;:&quot;General Product List&quot;,&quot;index&quot;:0,&quot;product_type&quot;:&quot;variable&quot;,&quot;item_brand&quot;:&quot;&quot;}\"><\/span>\n\t\t\t\t<a href=\"https:\/\/rocketbean.com\/lv\/for-individuals\/shop\/peu-la-coipa-mazgata\/\" class=\"wc-block-grid__product-link\">\n\t\t\t\t\t\n\t\t\t\t\t<div class=\"wc-block-grid__product-image\"><img loading=\"lazy\" decoding=\"async\" width=\"300\" height=\"300\" src=\"https:\/\/rocketbean.com\/wp-content\/uploads\/2026\/02\/Peru-Silver-Web-300x300.png\" class=\"attachment-woocommerce_thumbnail size-woocommerce_thumbnail\" alt=\"Peu | La Coipa, Mazg\u0101ta\" srcset=\"https:\/\/rocketbean.com\/wp-content\/uploads\/2026\/02\/Peru-Silver-Web-300x300.png 300w, https:\/\/rocketbean.com\/wp-content\/uploads\/2026\/02\/Peru-Silver-Web-150x150.png 150w, https:\/\/rocketbean.com\/wp-content\/uploads\/2026\/02\/Peru-Silver-Web-768x768.png 768w, https:\/\/rocketbean.com\/wp-content\/uploads\/2026\/02\/Peru-Silver-Web-600x600.png 600w, https:\/\/rocketbean.com\/wp-content\/uploads\/2026\/02\/Peru-Silver-Web-100x100.png 100w, https:\/\/rocketbean.com\/wp-content\/uploads\/2026\/02\/Peru-Silver-Web-50x50.png 50w, https:\/\/rocketbean.com\/wp-content\/uploads\/2026\/02\/Peru-Silver-Web.png 800w\" sizes=\"auto, (max-width: 300px) 100vw, 300px\" \/><\/div>\n\t\t\t\t\t<div class=\"wc-block-grid__product-title\">Peu | La Coipa, Mazg\u0101ta<\/div>\n\t\t\t\t<\/a>\n\t\t\t\t<div class=\"wc-block-grid__product-price price\"><ins class=\"highlight\"><span class=\"woocommerce-Price-amount amount\">15,00&nbsp;<span class=\"woocommerce-Price-currencySymbol\">&euro;<\/span><\/span><\/ins><\/div>\n\t\t\t\t\n\t\t\t\t<div class=\"wp-block-button wc-block-grid__product-add-to-cart\"><a href=\"https:\/\/rocketbean.com\/lv\/for-individuals\/shop\/peu-la-coipa-mazgata\/\" aria-label=\"Select options for &ldquo;Peu | La Coipa, Mazg\u0101ta&rdquo;\" data-quantity=\"1\" data-product_id=\"16624\" data-product_sku=\"\" data-price=\"15\" rel=\"nofollow\" class=\"wp-block-button__link  add_to_cart_button\">Pievienot grozam<\/a><\/div>\n\t\t\t<\/li><li class=\"wc-block-grid__product\"><span class=\"gtm4wp_productdata\" style=\"display:none; visibility:hidden;\" data-gtm4wp_product_data=\"{&quot;internal_id&quot;:16472,&quot;item_id&quot;:16472,&quot;item_name&quot;:&quot;East | Braz\\u012blija, Indija, Espreso Mais\\u012bjums&quot;,&quot;sku&quot;:16472,&quot;price&quot;:33.5,&quot;stocklevel&quot;:null,&quot;stockstatus&quot;:&quot;instock&quot;,&quot;google_business_vertical&quot;:&quot;retail&quot;,&quot;item_category&quot;:&quot;Kafija&quot;,&quot;id&quot;:16472,&quot;productlink&quot;:&quot;https:\\\/\\\/rocketbean.com\\\/lv\\\/for-individuals\\\/shop\\\/east-brazilija-indija-espreso-maisijums\\\/&quot;,&quot;item_list_name&quot;:&quot;General Product List&quot;,&quot;index&quot;:0,&quot;product_type&quot;:&quot;variable&quot;,&quot;item_brand&quot;:&quot;&quot;}\"><\/span>\n\t\t\t\t<a href=\"https:\/\/rocketbean.com\/lv\/for-individuals\/shop\/east-brazilija-indija-espreso-maisijums\/\" class=\"wc-block-grid__product-link\">\n\t\t\t\t\t\n\t\t\t\t\t<div class=\"wc-block-grid__product-image\"><img loading=\"lazy\" decoding=\"async\" width=\"300\" height=\"300\" src=\"https:\/\/rocketbean.com\/wp-content\/uploads\/2025\/01\/East_WEB-300x300.png\" class=\"attachment-woocommerce_thumbnail size-woocommerce_thumbnail\" alt=\"East | Braz\u012blija, Indija, Espreso Mais\u012bjums\" srcset=\"https:\/\/rocketbean.com\/wp-content\/uploads\/2025\/01\/East_WEB-300x300.png 300w, https:\/\/rocketbean.com\/wp-content\/uploads\/2025\/01\/East_WEB-150x150.png 150w, https:\/\/rocketbean.com\/wp-content\/uploads\/2025\/01\/East_WEB-768x768.png 768w, https:\/\/rocketbean.com\/wp-content\/uploads\/2025\/01\/East_WEB-600x600.png 600w, https:\/\/rocketbean.com\/wp-content\/uploads\/2025\/01\/East_WEB-100x100.png 100w, https:\/\/rocketbean.com\/wp-content\/uploads\/2025\/01\/East_WEB-50x50.png 50w, https:\/\/rocketbean.com\/wp-content\/uploads\/2025\/01\/East_WEB.png 800w\" sizes=\"auto, (max-width: 300px) 100vw, 300px\" \/><\/div>\n\t\t\t\t\t<div class=\"wc-block-grid__product-title\">East | Braz\u012blija, Indija, Espreso Mais\u012bjums<\/div>\n\t\t\t\t<\/a>\n\t\t\t\t<div class=\"wc-block-grid__product-price price\"><ins class=\"highlight\"><span class=\"woocommerce-Price-amount amount\">33,50&nbsp;<span class=\"woocommerce-Price-currencySymbol\">&euro;<\/span><\/span><\/ins><\/div>\n\t\t\t\t\n\t\t\t\t<div class=\"wp-block-button wc-block-grid__product-add-to-cart\"><a href=\"https:\/\/rocketbean.com\/lv\/for-individuals\/shop\/east-brazilija-indija-espreso-maisijums\/\" aria-label=\"Select options for &ldquo;East | Braz\u012blija, Indija, Espreso Mais\u012bjums&rdquo;\" data-quantity=\"1\" data-product_id=\"16472\" data-product_sku=\"\" data-price=\"33.5\" rel=\"nofollow\" class=\"wp-block-button__link  add_to_cart_button\">Pievienot grozam<\/a><\/div>\n\t\t\t<\/li><\/ul><\/div><\/div>\n<\/div>\n","protected":false},"excerpt":{"rendered":"","protected":false},"author":1,"featured_media":0,"parent":0,"menu_order":0,"comment_status":"closed","ping_status":"closed","template":"","meta":{"_acf_changed":false,"footnotes":""},"class_list":["post-1275","page","type-page","status-publish","hentry"],"acf":[],"_links":{"self":[{"href":"https:\/\/rocketbean.com\/lv\/wp-json\/wp\/v2\/pages\/1275","targetHints":{"allow":["GET"]}}],"collection":[{"href":"https:\/\/rocketbean.com\/lv\/wp-json\/wp\/v2\/pages"}],"about":[{"href":"https:\/\/rocketbean.com\/lv\/wp-json\/wp\/v2\/types\/page"}],"author":[{"embeddable":true,"href":"https:\/\/rocketbean.com\/lv\/wp-json\/wp\/v2\/users\/1"}],"replies":[{"embeddable":true,"href":"https:\/\/rocketbean.com\/lv\/wp-json\/wp\/v2\/comments?post=1275"}],"version-history":[{"count":6,"href":"https:\/\/rocketbean.com\/lv\/wp-json\/wp\/v2\/pages\/1275\/revisions"}],"predecessor-version":[{"id":14159,"href":"https:\/\/rocketbean.com\/lv\/wp-json\/wp\/v2\/pages\/1275\/revisions\/14159"}],"wp:attachment":[{"href":"https:\/\/rocketbean.com\/lv\/wp-json\/wp\/v2\/media?parent=1275"}],"curies":[{"name":"wp","href":"https:\/\/api.w.org\/{rel}","templated":true}]}}