{"id":2735,"date":"2024-02-22T13:55:39","date_gmt":"2024-02-22T13:55:39","guid":{"rendered":"https:\/\/68.183.212.121\/responsibility\/"},"modified":"2025-10-02T21:51:09","modified_gmt":"2025-10-02T21:51:09","slug":"responsibility","status":"publish","type":"page","link":"https:\/\/rocketbean.com\/lv\/responsibility\/","title":{"rendered":"SOCI\u0100L\u0100 ATBILD\u012aBA"},"content":{"rendered":"","protected":false},"excerpt":{"rendered":"","protected":false},"author":1,"featured_media":0,"parent":0,"menu_order":0,"comment_status":"closed","ping_status":"closed","template":"index.php","meta":{"_acf_changed":false,"footnotes":""},"class_list":["post-2735","page","type-page","status-publish","hentry"],"acf":[],"_links":{"self":[{"href":"https:\/\/rocketbean.com\/lv\/wp-json\/wp\/v2\/pages\/2735","targetHints":{"allow":["GET"]}}],"collection":[{"href":"https:\/\/rocketbean.com\/lv\/wp-json\/wp\/v2\/pages"}],"about":[{"href":"https:\/\/rocketbean.com\/lv\/wp-json\/wp\/v2\/types\/page"}],"author":[{"embeddable":true,"href":"https:\/\/rocketbean.com\/lv\/wp-json\/wp\/v2\/users\/1"}],"replies":[{"embeddable":true,"href":"https:\/\/rocketbean.com\/lv\/wp-json\/wp\/v2\/comments?post=2735"}],"version-history":[{"count":10,"href":"https:\/\/rocketbean.com\/lv\/wp-json\/wp\/v2\/pages\/2735\/revisions"}],"predecessor-version":[{"id":13818,"href":"https:\/\/rocketbean.com\/lv\/wp-json\/wp\/v2\/pages\/2735\/revisions\/13818"}],"wp:attachment":[{"href":"https:\/\/rocketbean.com\/lv\/wp-json\/wp\/v2\/media?parent=2735"}],"curies":[{"name":"wp","href":"https:\/\/api.w.org\/{rel}","templated":true}]}}