{"id":2738,"date":"2024-04-15T06:37:46","date_gmt":"2024-04-15T06:37:46","guid":{"rendered":"https:\/\/68.183.212.121\/shipping\/"},"modified":"2026-04-08T11:50:26","modified_gmt":"2026-04-08T11:50:26","slug":"piegade","status":"publish","type":"page","link":"https:\/\/rocketbean.com\/lv\/piegade\/","title":{"rendered":"Pieg\u0101de un atgrie\u0161ana"},"content":{"rendered":"\n<p><strong>PIEG\u0100DES VEIDI<\/strong><\/p>\n\n\n\n<p>Pieg\u0101de tiek veikta ar kurjerdienesta starpniec\u012bbu, izmantojot kurjera pakalpojumu vai pieg\u0101di uz paku skapi (pakom\u0101tu).<\/p>\n\n\n\n<ul class=\"wp-block-list\">\n<li>Baltijas valst\u012bs (Latvija, Lietuva, Igaunija) pieg\u0101de ir BEZ MAKSAS.<\/li>\n\n\n\n<li><strong>Citvie<\/strong>t pasaul\u0113 pieg\u0101des maksa tiek apr\u0113\u0137in\u0101ta atkar\u012bb\u0101 no galam\u0113r\u0137a zonas un pas\u016bt\u012bjuma summas.<\/li>\n<\/ul>\n\n\n\n<p><strong>Pieg\u0101des izmaksas:<\/strong><\/p>\n\n\n\n<figure class=\"wp-block-table\"><table class=\"has-fixed-layout\"><thead><tr><td><strong>Re\u0123ions \/ Valstis<\/strong><\/td><td><strong>Pieg\u0101des maksa<\/strong><\/td><td><strong>Bezmaksas pieg\u0101de no<\/strong><\/td><\/tr><\/thead><tbody><tr><td><strong>Baltija<\/strong> (LV, LT, EE)<\/td><td><strong>BEZ MAKSAS<\/strong><\/td><td><strong>0.00 \u20ac<\/strong><\/td><\/tr><tr><td><strong>Polija<\/strong><\/td><td>7.00 \u20ac<\/td><td>Virs 80.00 \u20ac<\/td><\/tr><tr><td><strong>Centr\u0101leiropa &amp; Skandin\u0101vija<\/strong> (AT, BE, CZ, DK, LU, NL, SK, FI, DE, SE)<\/td><td>15.00 \u20ac<\/td><td>Virs 120.00 \u20ac<\/td><\/tr><tr><td><strong>Dienvideiropa &amp; Rietumeiropa<\/strong> (FR, HU, HR, SI, BG, GR*, IT, IE, PT, RO, ES)<\/td><td>20.00 \u20ac<\/td><td>Virs 150.00 \u20ac<\/td><\/tr><tr><td><strong>Apvienot\u0101 Karaliste (UK)<\/strong><\/td><td>30.00 \u20ac<\/td><td>&#8211;<\/td><\/tr><tr><td><strong>\u0160veice &amp; Norv\u0113\u0123ija<\/strong> <\/td><td>35.00 \u20ac<\/td><td>&#8211;<\/td><\/tr><tr><td><strong>Austr\u0101lija<\/strong><\/td><td>75.00 \u20ac<\/td><td>&#8211;<\/td><\/tr><tr><td><strong>P\u0101r\u0113j\u0101 pasaule<\/strong><\/td><td>50.00 \u20ac<\/td><td>&#8211;<\/td><\/tr><\/tbody><\/table><\/figure>\n\n\n\n<p><\/p>\n\n\n\n<h3 class=\"wp-block-heading\"><strong>PIEG\u0100DES LAIKS<\/strong><\/h3>\n\n\n\n<p>Pas\u016bt\u012bjumu apstr\u0101de un pieg\u0101de parasti aiz\u0146em 1\u20133 darba dienas (Baltij\u0101) vai 3\u20137 darba dienas (Eirop\u0101). Izp\u0101rdo\u0161anu vai sv\u0113tku laik\u0101 pieg\u0101de var aiz\u0146emt mazliet vair\u0101k laika nek\u0101 parasti.<\/p>\n\n\n\n<p><strong>L\u016bdzu, \u0146em v\u0113r\u0101:<\/strong><\/p>\n\n\n\n<ul class=\"wp-block-list\">\n<li>Pieg\u0101des tiek veiktas darba dien\u0101s, laik\u0101 no 8:00 l\u012bdz 17:00. L\u016bdzu, nor\u0101di adresi, kur\u0101 vari atrasties un sa\u0146emt pas\u016bt\u012bjumu \u0161aj\u0101 laik\u0101.<\/li>\n\n\n\n<li>Pieg\u0101des adresei j\u0101b\u016bt prec\u012bzai (tostarp durvju kods, st\u0101vs vai biroja nosaukums). Neprec\u012bza inform\u0101cija var pagarin\u0101t pieg\u0101des laiku.<\/li>\n\n\n\n<li>S\u016bt\u012bjumiem \u0101rpus ES klients ir atbild\u012bgs par viet\u0113jo nodok\u013cu un muitas nodevu apmaksu.<\/li>\n\n\n\n<li>Kurjeram pieg\u0101des br\u012bd\u012b ir ties\u012bbas l\u016bgt uzr\u0101d\u012bt personu apliecino\u0161u dokumentu, lai p\u0101rbaud\u012btu sa\u0146\u0113m\u0113ja identit\u0101ti.<\/li>\n<\/ul>\n\n\n\n<h3 class=\"wp-block-heading\"><strong>PRE\u010cU ATGRIE\u0160ANA UN ATTEIKUMA TIES\u012aBAS<\/strong><\/h3>\n\n\n\n<p>Tev ir ties\u012bbas atteikties no ieg\u0101d\u0101taj\u0101m prec\u0113m 14 dienu laik\u0101 p\u0113c pas\u016bt\u012bjuma sa\u0146em\u0161anas.<\/p>\n\n\n\n<ul class=\"wp-block-list\">\n<li>Lai pieteiktu atgrie\u0161anu, l\u016bdzu, raksti uz webshop@rocketbean.com.<\/li>\n\n\n\n<li>Prec\u0113m j\u0101b\u016bt nelietot\u0101m, nesaboj\u0101t\u0101m un ori\u0123in\u0101laj\u0101, neatv\u0113rt\u0101 iepakojum\u0101.<\/li>\n\n\n\n<li>P\u0101rtikas produkti (tostarp kafijas pupi\u0146as), kuru iepakojums ir ticis atv\u0113rts, higi\u0113nas un dro\u0161\u012bbas apsv\u0113rumu d\u0113\u013c atpaka\u013c netiek pie\u0146emti.<\/li>\n\n\n\n<li>Atgrie\u0161anas tie\u0161\u0101s izmaksas sedz klients.<\/li>\n\n\n\n<li>Naudas atmaksa tiek veikta uz maks\u0101t\u0101ja kontu 5\u201310 darba dienu laik\u0101 no br\u012b\u017ea, kad esam sa\u0146\u0113mu\u0161i un p\u0101rbaud\u012bju\u0161i atgriezto preci.<\/li>\n<\/ul>\n\n\n\n<h3 class=\"wp-block-heading\"><strong>BOJ\u0100TU PRODUKTU ATGRIE\u0160ANA<\/strong><\/h3>\n\n\n\n<p>Ja esi sa\u0146\u0113mis boj\u0101tu produktu vai s\u016bt\u012bjuma saturs neatbilst pas\u016bt\u012bjumam, l\u016bdzu, nekav\u0113joties sazinies ar mums pa e-pastu: webshop@rocketbean.com. M\u0113s cent\u012bsimies atbild\u0113t 1 darba dienas laik\u0101.<\/p>\n","protected":false},"excerpt":{"rendered":"<p>PIEG\u0100DES VEIDI Pieg\u0101de tiek veikta ar kurjerdienesta starpniec\u012bbu, izmantojot kurjera pakalpojumu vai pieg\u0101di uz paku skapi (pakom\u0101tu). Pieg\u0101des izmaksas: Re\u0123ions \/ Valstis Pieg\u0101des maksa Bezmaksas pieg\u0101de no Baltija (LV, LT, EE) BEZ MAKSAS 0.00 \u20ac Polija 7.00 \u20ac Virs 80.00 \u20ac Centr\u0101leiropa &amp; Skandin\u0101vija (AT, BE, CZ, DK, LU, NL, SK, FI, DE, SE) 15.00 [&hellip;]<\/p>\n","protected":false},"author":1,"featured_media":0,"parent":0,"menu_order":0,"comment_status":"closed","ping_status":"closed","template":"","meta":{"_acf_changed":false,"footnotes":""},"class_list":["post-2738","page","type-page","status-publish","hentry"],"acf":[],"_links":{"self":[{"href":"https:\/\/rocketbean.com\/lv\/wp-json\/wp\/v2\/pages\/2738","targetHints":{"allow":["GET"]}}],"collection":[{"href":"https:\/\/rocketbean.com\/lv\/wp-json\/wp\/v2\/pages"}],"about":[{"href":"https:\/\/rocketbean.com\/lv\/wp-json\/wp\/v2\/types\/page"}],"author":[{"embeddable":true,"href":"https:\/\/rocketbean.com\/lv\/wp-json\/wp\/v2\/users\/1"}],"replies":[{"embeddable":true,"href":"https:\/\/rocketbean.com\/lv\/wp-json\/wp\/v2\/comments?post=2738"}],"version-history":[{"count":6,"href":"https:\/\/rocketbean.com\/lv\/wp-json\/wp\/v2\/pages\/2738\/revisions"}],"predecessor-version":[{"id":17092,"href":"https:\/\/rocketbean.com\/lv\/wp-json\/wp\/v2\/pages\/2738\/revisions\/17092"}],"wp:attachment":[{"href":"https:\/\/rocketbean.com\/lv\/wp-json\/wp\/v2\/media?parent=2738"}],"curies":[{"name":"wp","href":"https:\/\/api.w.org\/{rel}","templated":true}]}}