{"id":9949,"date":"2025-03-26T06:47:41","date_gmt":"2025-03-26T06:47:41","guid":{"rendered":"https:\/\/rocketbean.com\/?page_id=9949"},"modified":"2025-10-22T10:53:57","modified_gmt":"2025-10-22T10:53:57","slug":"es-projekti","status":"publish","type":"page","link":"https:\/\/rocketbean.com\/lv\/es-projekti\/","title":{"rendered":"ES projekti"},"content":{"rendered":"\n<p><a href=\"#\"><strong>Kafijas pupi\u0146u p\u0101rstr\u0101des iek\u0101rtu komplekta ieg\u0101de<\/strong><\/a><\/p>\n\n\n\n<p>SIA &nbsp;&#8220;King Coffee&nbsp;Service&#8221; 30.07.2024 ar&nbsp;AS&nbsp;\u201eAtt\u012bst\u012bbas finan\u0161u instit\u016bcija Altum\u201d ir nosl\u0113gusi l\u012bgumu&nbsp;Nr.&nbsp;248094\/01&nbsp;par Eiropas Savien\u012bbas Atvese\u013co\u0161anas fonda projekta ievie\u0161anu:&nbsp;&#8220;Kafijas pupi\u0146u <strong>p\u0101rstr\u0101des<\/strong> iek\u0101rtu komplekta ieg\u0101de&#8221;.&nbsp;Digit\u0101l\u0101s transform\u0101cijas atbalstam piem\u0113rotie Eiropas Savien\u012bbas Atvese\u013co\u0161anas un notur\u012bbas meh\u0101nisma pl\u0101na atbalsta virzieni:<br>\u2022 Finan\u0161u instrumenti komersantu digit\u0101l\u0101s transform\u0101cijas veicin\u0101\u0161anai (aizdevumi un paral\u0113lie aizdevumi ar kapit\u0101la atlaidi).<br><br>Projekta m\u0113r\u0137is ir&nbsp;jaunu iek\u0101rtu ieg\u0101de inform\u0101cijas un komunik\u0101cijas tehnolo\u0123iju jom\u0101, kas saist\u012bts ar inform\u0101cijas un komunik\u0101cijas tehnolo\u0123ijas produktu lieto\u0161anu ra\u017eo\u0161anas proces\u0101.<br><br>Projekta kop\u0113j\u0101 summa 1&nbsp;918&nbsp;000&nbsp;EUR, no kura Eiropas Savien\u012bbas finans\u0113juma atbalsta summa ir 1&nbsp;280&nbsp;946&nbsp;EUR.<br>Projekta beigu datums:&nbsp;31.03.2026.<br><br>Projektu finans\u0113 Eiropas Savien\u012bba.<\/p>\n\n\n\n<p><a href=\"#\"><strong>Kafijas pupi\u0146u grauzd\u0113\u0161anas  iek\u0101rtu komplekta ieg\u0101de<\/strong><\/a><\/p>\n\n\n\n<p>SIA &nbsp;&#8220;King Coffee&nbsp;Service&#8221; 30.07.2024 ar&nbsp;AS&nbsp;\u201eAtt\u012bst\u012bbas finan\u0161u instit\u016bcija Altum\u201d ir nosl\u0113gusi l\u012bgumu&nbsp;Nr.&nbsp;248094\/02&nbsp;par Eiropas Savien\u012bbas Atvese\u013co\u0161anas fonda projekta ievie\u0161anu:&nbsp;&#8220;Kafijas pupi\u0146u <strong>grauzd\u0113\u0161anas<\/strong> iek\u0101rtu komplekta ieg\u0101de&#8221;.&nbsp;Digit\u0101l\u0101s transform\u0101cijas atbalstam piem\u0113rotie Eiropas Savien\u012bbas Atvese\u013co\u0161anas un notur\u012bbas meh\u0101nisma pl\u0101na atbalsta virzieni:<br>\u2022 Finan\u0161u instrumenti komersantu digit\u0101l\u0101s transform\u0101cijas veicin\u0101\u0161anai (aizdevumi un paral\u0113lie aizdevumi ar kapit\u0101la atlaidi).<br><br>Projekta m\u0113r\u0137is ir&nbsp;jaunu iek\u0101rtu ieg\u0101de inform\u0101cijas un komunik\u0101cijas tehnolo\u0123iju jom\u0101, kas saist\u012bts ar inform\u0101cijas un komunik\u0101cijas tehnolo\u0123ijas produktu lieto\u0161anu ra\u017eo\u0161anas proces\u0101.<br><br>Projekta kop\u0113j\u0101 summa 320&nbsp;000&nbsp;EUR, no kura Eiropas Savien\u012bbas finans\u0113juma atbalsta summa ir 240&nbsp;000&nbsp;EUR.<br>Projekta beigu datums:&nbsp;31.03.2026.<br><br>Projektu finans\u0113 Eiropas Savien\u012bba.<br><br><br><a href=\"#\"><strong>Izejvielu un apgroz\u0101mo l\u012bdzek\u013cu nodro\u0161in\u0101jums<\/strong><\/a><\/p>\n\n\n\n<p><br>No AS&nbsp;\u201eAtt\u012bst\u012bbas finan\u0161u instit\u016bcija Altum\u201d sa\u0146emta aizdevuma garantija apgroz\u0101mo l\u012bdzek\u013cu aprites finans\u0113jumam Atvese\u013co\u0161anas fonda atbalsta programmas ietvaros.<br><br>Projektu finans\u0113 Eiropas Savien\u012bba<\/p>\n\n\n\n<p><\/p>\n\n\n\n<p><\/p>\n\n\n\n<div class=\"wp-block-columns is-layout-flex wp-container-core-columns-is-layout-9d6595d7 wp-block-columns-is-layout-flex\">\n<div class=\"wp-block-column is-layout-flow wp-block-column-is-layout-flow\" style=\"flex-basis:33.34%\">\n<figure class=\"wp-block-image size-large\"><img loading=\"lazy\" decoding=\"async\" width=\"1024\" height=\"260\" src=\"https:\/\/rocketbean.com\/wp-content\/uploads\/2025\/03\/LV_Finanse_Eiropas_Savieniba_RGB_POS-1024x260.png\" alt=\"\" class=\"wp-image-10071\" srcset=\"https:\/\/rocketbean.com\/wp-content\/uploads\/2025\/03\/LV_Finanse_Eiropas_Savieniba_RGB_POS-1024x260.png 1024w, https:\/\/rocketbean.com\/wp-content\/uploads\/2025\/03\/LV_Finanse_Eiropas_Savieniba_RGB_POS-300x76.png 300w, https:\/\/rocketbean.com\/wp-content\/uploads\/2025\/03\/LV_Finanse_Eiropas_Savieniba_RGB_POS-768x195.png 768w, https:\/\/rocketbean.com\/wp-content\/uploads\/2025\/03\/LV_Finanse_Eiropas_Savieniba_RGB_POS-1536x390.png 1536w, https:\/\/rocketbean.com\/wp-content\/uploads\/2025\/03\/LV_Finanse_Eiropas_Savieniba_RGB_POS-2048x520.png 2048w, https:\/\/rocketbean.com\/wp-content\/uploads\/2025\/03\/LV_Finanse_Eiropas_Savieniba_RGB_POS-600x152.png 600w\" sizes=\"auto, (max-width: 1024px) 100vw, 1024px\" \/><\/figure>\n<\/div>\n\n\n\n<div class=\"wp-block-column is-layout-flow wp-block-column-is-layout-flow\" style=\"flex-basis:33.34%\"><div class=\"wp-block-image\">\n<figure class=\"aligncenter size-full\"><img loading=\"lazy\" decoding=\"async\" width=\"117\" height=\"150\" src=\"https:\/\/rocketbean.com\/wp-content\/uploads\/2025\/03\/NAP_logo_ar_nosaukumu_PNG_H150px_lv.png\" alt=\"\" class=\"wp-image-10060\"\/><\/figure>\n<\/div><\/div>\n\n\n\n<div class=\"wp-block-column is-layout-flow wp-block-column-is-layout-flow\" style=\"flex-basis:33.33%\">\n<figure class=\"wp-block-image size-full\"><img loading=\"lazy\" decoding=\"async\" width=\"150\" height=\"117\" src=\"https:\/\/rocketbean.com\/wp-content\/uploads\/2025\/03\/Altum.png\" alt=\"\" class=\"wp-image-10067\"\/><\/figure>\n<\/div>\n<\/div>\n\n\n\n<p><\/p>\n","protected":false},"excerpt":{"rendered":"<p>Kafijas pupi\u0146u p\u0101rstr\u0101des iek\u0101rtu komplekta ieg\u0101de SIA &nbsp;&#8220;King Coffee&nbsp;Service&#8221; 30.07.2024 ar&nbsp;AS&nbsp;\u201eAtt\u012bst\u012bbas finan\u0161u instit\u016bcija Altum\u201d ir nosl\u0113gusi l\u012bgumu&nbsp;Nr.&nbsp;248094\/01&nbsp;par Eiropas Savien\u012bbas Atvese\u013co\u0161anas fonda projekta ievie\u0161anu:&nbsp;&#8220;Kafijas pupi\u0146u p\u0101rstr\u0101des iek\u0101rtu komplekta ieg\u0101de&#8221;.&nbsp;Digit\u0101l\u0101s transform\u0101cijas atbalstam piem\u0113rotie Eiropas Savien\u012bbas Atvese\u013co\u0161anas un notur\u012bbas meh\u0101nisma pl\u0101na atbalsta virzieni:\u2022 Finan\u0161u instrumenti komersantu digit\u0101l\u0101s transform\u0101cijas veicin\u0101\u0161anai (aizdevumi un paral\u0113lie aizdevumi ar kapit\u0101la atlaidi). Projekta m\u0113r\u0137is [&hellip;]<\/p>\n","protected":false},"author":1,"featured_media":0,"parent":0,"menu_order":0,"comment_status":"closed","ping_status":"closed","template":"","meta":{"_acf_changed":false,"footnotes":""},"class_list":["post-9949","page","type-page","status-publish","hentry"],"acf":[],"_links":{"self":[{"href":"https:\/\/rocketbean.com\/lv\/wp-json\/wp\/v2\/pages\/9949","targetHints":{"allow":["GET"]}}],"collection":[{"href":"https:\/\/rocketbean.com\/lv\/wp-json\/wp\/v2\/pages"}],"about":[{"href":"https:\/\/rocketbean.com\/lv\/wp-json\/wp\/v2\/types\/page"}],"author":[{"embeddable":true,"href":"https:\/\/rocketbean.com\/lv\/wp-json\/wp\/v2\/users\/1"}],"replies":[{"embeddable":true,"href":"https:\/\/rocketbean.com\/lv\/wp-json\/wp\/v2\/comments?post=9949"}],"version-history":[{"count":19,"href":"https:\/\/rocketbean.com\/lv\/wp-json\/wp\/v2\/pages\/9949\/revisions"}],"predecessor-version":[{"id":14058,"href":"https:\/\/rocketbean.com\/lv\/wp-json\/wp\/v2\/pages\/9949\/revisions\/14058"}],"wp:attachment":[{"href":"https:\/\/rocketbean.com\/lv\/wp-json\/wp\/v2\/media?parent=9949"}],"curies":[{"name":"wp","href":"https:\/\/api.w.org\/{rel}","templated":true}]}}