{"id":10832,"date":"2025-03-10T15:56:07","date_gmt":"2025-03-10T15:56:07","guid":{"rendered":"https:\/\/rocketbean.com\/for-individuals\/shop\/cold-brew-kombucha-coffee-orange\/"},"modified":"2026-02-17T06:23:13","modified_gmt":"2026-02-17T06:23:13","slug":"cold-brew-kombucha-coffee-orange","status":"publish","type":"product","link":"https:\/\/rocketbean.com\/lv\/for-individuals\/shop\/cold-brew-kombucha-coffee-orange\/","title":{"rendered":"Auksti Br\u016bv\u0113ta Kafijas Kombu\u010da | Kafijas, Apels\u012bna gar\u0161a"},"content":{"rendered":"","protected":false},"excerpt":{"rendered":"","protected":false},"featured_media":9140,"template":"","meta":{"_acf_changed":false},"product_brand":[],"product_cat":[369],"product_tag":[],"countries":[],"drink_type":[],"range_type":[],"class_list":{"0":"post-10832","1":"product","2":"type-product","3":"status-publish","4":"has-post-thumbnail","6":"product_cat-coffee-soft-drinks-lv","8":"first","9":"instock","10":"taxable","11":"shipping-taxable","12":"purchasable","13":"product-type-simple"},"acf":[],"_links":{"self":[{"href":"https:\/\/rocketbean.com\/lv\/wp-json\/wp\/v2\/product\/10832","targetHints":{"allow":["GET"]}}],"collection":[{"href":"https:\/\/rocketbean.com\/lv\/wp-json\/wp\/v2\/product"}],"about":[{"href":"https:\/\/rocketbean.com\/lv\/wp-json\/wp\/v2\/types\/product"}],"wp:featuredmedia":[{"embeddable":true,"href":"https:\/\/rocketbean.com\/lv\/wp-json\/wp\/v2\/media\/9140"}],"wp:attachment":[{"href":"https:\/\/rocketbean.com\/lv\/wp-json\/wp\/v2\/media?parent=10832"}],"wp:term":[{"taxonomy":"product_brand","embeddable":true,"href":"https:\/\/rocketbean.com\/lv\/wp-json\/wp\/v2\/product_brand?post=10832"},{"taxonomy":"product_cat","embeddable":true,"href":"https:\/\/rocketbean.com\/lv\/wp-json\/wp\/v2\/product_cat?post=10832"},{"taxonomy":"product_tag","embeddable":true,"href":"https:\/\/rocketbean.com\/lv\/wp-json\/wp\/v2\/product_tag?post=10832"},{"taxonomy":"countries","embeddable":true,"href":"https:\/\/rocketbean.com\/lv\/wp-json\/wp\/v2\/countries?post=10832"},{"taxonomy":"drink_type","embeddable":true,"href":"https:\/\/rocketbean.com\/lv\/wp-json\/wp\/v2\/drink_type?post=10832"},{"taxonomy":"range_type","embeddable":true,"href":"https:\/\/rocketbean.com\/lv\/wp-json\/wp\/v2\/range_type?post=10832"}],"curies":[{"name":"wp","href":"https:\/\/api.w.org\/{rel}","templated":true}]}}