{"id":11275,"date":"2025-04-15T06:32:51","date_gmt":"2025-04-15T06:32:51","guid":{"rendered":"https:\/\/rocketbean.com\/for-individuals\/shop\/caramel-latte-brazil-cold-brew-coffee\/"},"modified":"2026-03-31T08:16:05","modified_gmt":"2026-03-31T08:16:05","slug":"caramel-latte-brazil-cold-brew-coffee","status":"publish","type":"product","link":"https:\/\/rocketbean.com\/lv\/for-individuals\/shop\/caramel-latte-brazil-cold-brew-coffee\/","title":{"rendered":"Caramel Latte, Braz\u012blija | Auksti Br\u016bv\u0113ta Kafija"},"content":{"rendered":"","protected":false},"excerpt":{"rendered":"","protected":false},"featured_media":11251,"template":"","meta":{"_acf_changed":false},"product_brand":[],"product_cat":[369],"product_tag":[],"countries":[],"drink_type":[],"range_type":[],"class_list":{"0":"post-11275","1":"product","2":"type-product","3":"status-publish","4":"has-post-thumbnail","6":"product_cat-coffee-soft-drinks-lv","8":"first","9":"instock","10":"taxable","11":"shipping-taxable","12":"purchasable","13":"product-type-simple"},"acf":[],"_links":{"self":[{"href":"https:\/\/rocketbean.com\/lv\/wp-json\/wp\/v2\/product\/11275","targetHints":{"allow":["GET"]}}],"collection":[{"href":"https:\/\/rocketbean.com\/lv\/wp-json\/wp\/v2\/product"}],"about":[{"href":"https:\/\/rocketbean.com\/lv\/wp-json\/wp\/v2\/types\/product"}],"wp:featuredmedia":[{"embeddable":true,"href":"https:\/\/rocketbean.com\/lv\/wp-json\/wp\/v2\/media\/11251"}],"wp:attachment":[{"href":"https:\/\/rocketbean.com\/lv\/wp-json\/wp\/v2\/media?parent=11275"}],"wp:term":[{"taxonomy":"product_brand","embeddable":true,"href":"https:\/\/rocketbean.com\/lv\/wp-json\/wp\/v2\/product_brand?post=11275"},{"taxonomy":"product_cat","embeddable":true,"href":"https:\/\/rocketbean.com\/lv\/wp-json\/wp\/v2\/product_cat?post=11275"},{"taxonomy":"product_tag","embeddable":true,"href":"https:\/\/rocketbean.com\/lv\/wp-json\/wp\/v2\/product_tag?post=11275"},{"taxonomy":"countries","embeddable":true,"href":"https:\/\/rocketbean.com\/lv\/wp-json\/wp\/v2\/countries?post=11275"},{"taxonomy":"drink_type","embeddable":true,"href":"https:\/\/rocketbean.com\/lv\/wp-json\/wp\/v2\/drink_type?post=11275"},{"taxonomy":"range_type","embeddable":true,"href":"https:\/\/rocketbean.com\/lv\/wp-json\/wp\/v2\/range_type?post=11275"}],"curies":[{"name":"wp","href":"https:\/\/api.w.org\/{rel}","templated":true}]}}