{"id":14958,"date":"2025-12-02T12:43:05","date_gmt":"2025-12-02T12:43:05","guid":{"rendered":"https:\/\/rocketbean.com\/for-individuals\/shop\/flow-brazil-special-edition\/"},"modified":"2026-03-20T02:24:58","modified_gmt":"2026-03-20T02:24:58","slug":"flow-brazil-special-edition","status":"publish","type":"product","link":"https:\/\/rocketbean.com\/lv\/for-individuals\/shop\/flow-brazil-special-edition\/","title":{"rendered":"FLOW | Brazil\u012bja, \u012apa\u0161\u0101 kolekcija"},"content":{"rendered":"","protected":false},"excerpt":{"rendered":"","protected":false},"featured_media":14951,"template":"","meta":{"_acf_changed":false},"product_brand":[],"product_cat":[164,283],"product_tag":[],"countries":[298],"drink_type":[],"range_type":[],"class_list":{"0":"post-14958","1":"product","2":"type-product","3":"status-publish","4":"has-post-thumbnail","6":"product_cat-kafija","7":"product_cat-espreso-lv","8":"countries-brazil-lv","10":"first","11":"instock","12":"featured","13":"taxable","14":"shipping-taxable","15":"purchasable","16":"product-type-simple"},"acf":[],"_links":{"self":[{"href":"https:\/\/rocketbean.com\/lv\/wp-json\/wp\/v2\/product\/14958","targetHints":{"allow":["GET"]}}],"collection":[{"href":"https:\/\/rocketbean.com\/lv\/wp-json\/wp\/v2\/product"}],"about":[{"href":"https:\/\/rocketbean.com\/lv\/wp-json\/wp\/v2\/types\/product"}],"wp:featuredmedia":[{"embeddable":true,"href":"https:\/\/rocketbean.com\/lv\/wp-json\/wp\/v2\/media\/14951"}],"wp:attachment":[{"href":"https:\/\/rocketbean.com\/lv\/wp-json\/wp\/v2\/media?parent=14958"}],"wp:term":[{"taxonomy":"product_brand","embeddable":true,"href":"https:\/\/rocketbean.com\/lv\/wp-json\/wp\/v2\/product_brand?post=14958"},{"taxonomy":"product_cat","embeddable":true,"href":"https:\/\/rocketbean.com\/lv\/wp-json\/wp\/v2\/product_cat?post=14958"},{"taxonomy":"product_tag","embeddable":true,"href":"https:\/\/rocketbean.com\/lv\/wp-json\/wp\/v2\/product_tag?post=14958"},{"taxonomy":"countries","embeddable":true,"href":"https:\/\/rocketbean.com\/lv\/wp-json\/wp\/v2\/countries?post=14958"},{"taxonomy":"drink_type","embeddable":true,"href":"https:\/\/rocketbean.com\/lv\/wp-json\/wp\/v2\/drink_type?post=14958"},{"taxonomy":"range_type","embeddable":true,"href":"https:\/\/rocketbean.com\/lv\/wp-json\/wp\/v2\/range_type?post=14958"}],"curies":[{"name":"wp","href":"https:\/\/api.w.org\/{rel}","templated":true}]}}