{"id":17272,"date":"2026-04-14T05:51:12","date_gmt":"2026-04-14T05:51:12","guid":{"rendered":"https:\/\/rocketbean.com\/for-individuals\/shop\/kenya-regional-smallholder-blend-washed\/"},"modified":"2026-04-14T08:01:05","modified_gmt":"2026-04-14T08:01:05","slug":"kenya-regional-smallholder-blend-washed","status":"publish","type":"product","link":"https:\/\/rocketbean.com\/lv\/for-individuals\/shop\/kenya-regional-smallholder-blend-washed\/","title":{"rendered":"Kenija | Re\u0123ion\u0101lo s\u012bksaimniec\u012bbu kafijas mais\u012bjums, Mazg\u0101ta"},"content":{"rendered":"","protected":false},"excerpt":{"rendered":"","protected":false},"featured_media":17263,"template":"","meta":{"_acf_changed":false},"product_brand":[],"product_cat":[164,287],"product_tag":[],"countries":[299],"drink_type":[306],"range_type":[311],"class_list":{"0":"post-17272","1":"product","2":"type-product","3":"status-publish","4":"has-post-thumbnail","6":"product_cat-kafija","7":"product_cat-filter-lv","8":"countries-kanya-lv","9":"drink_type-filter-lv","10":"range_type-silver-lv","12":"first","13":"instock","14":"taxable","15":"shipping-taxable","16":"purchasable","17":"product-type-variable"},"acf":[],"_links":{"self":[{"href":"https:\/\/rocketbean.com\/lv\/wp-json\/wp\/v2\/product\/17272","targetHints":{"allow":["GET"]}}],"collection":[{"href":"https:\/\/rocketbean.com\/lv\/wp-json\/wp\/v2\/product"}],"about":[{"href":"https:\/\/rocketbean.com\/lv\/wp-json\/wp\/v2\/types\/product"}],"wp:featuredmedia":[{"embeddable":true,"href":"https:\/\/rocketbean.com\/lv\/wp-json\/wp\/v2\/media\/17263"}],"wp:attachment":[{"href":"https:\/\/rocketbean.com\/lv\/wp-json\/wp\/v2\/media?parent=17272"}],"wp:term":[{"taxonomy":"product_brand","embeddable":true,"href":"https:\/\/rocketbean.com\/lv\/wp-json\/wp\/v2\/product_brand?post=17272"},{"taxonomy":"product_cat","embeddable":true,"href":"https:\/\/rocketbean.com\/lv\/wp-json\/wp\/v2\/product_cat?post=17272"},{"taxonomy":"product_tag","embeddable":true,"href":"https:\/\/rocketbean.com\/lv\/wp-json\/wp\/v2\/product_tag?post=17272"},{"taxonomy":"countries","embeddable":true,"href":"https:\/\/rocketbean.com\/lv\/wp-json\/wp\/v2\/countries?post=17272"},{"taxonomy":"drink_type","embeddable":true,"href":"https:\/\/rocketbean.com\/lv\/wp-json\/wp\/v2\/drink_type?post=17272"},{"taxonomy":"range_type","embeddable":true,"href":"https:\/\/rocketbean.com\/lv\/wp-json\/wp\/v2\/range_type?post=17272"}],"curies":[{"name":"wp","href":"https:\/\/api.w.org\/{rel}","templated":true}]}}