{"id":7157,"date":"2024-11-06T14:17:45","date_gmt":"2024-11-06T14:17:45","guid":{"rendered":"https:\/\/rocketbean.com\/for-individuals\/shop\/the-national-coffee-of-estonia-peru\/"},"modified":"2026-03-20T02:25:17","modified_gmt":"2026-03-20T02:25:17","slug":"the-national-coffee-of-estonia-peru","status":"publish","type":"product","link":"https:\/\/rocketbean.com\/lv\/for-individuals\/shop\/the-national-coffee-of-estonia-peru\/","title":{"rendered":"Igaunijas Nacion\u0101l\u0101 Kafija | Peru, Mazg\u0101ta, Biolo\u0123iska"},"content":{"rendered":"","protected":false},"excerpt":{"rendered":"","protected":false},"featured_media":4750,"template":"","meta":{"_acf_changed":false},"product_brand":[],"product_cat":[164,283,287],"product_tag":[],"countries":[303],"drink_type":[305,306,309],"range_type":[311],"class_list":{"0":"post-7157","1":"product","2":"type-product","3":"status-publish","4":"has-post-thumbnail","6":"product_cat-kafija","7":"product_cat-espreso-lv","8":"product_cat-filter-lv","9":"countries-peru-peru-lv","10":"drink_type-espresso-lv","11":"drink_type-filter-lv","12":"drink_type-omni-lv","13":"range_type-silver-lv","15":"first","16":"instock","17":"taxable","18":"shipping-taxable","19":"purchasable","20":"product-type-variable","21":"has-default-attributes"},"acf":[],"_links":{"self":[{"href":"https:\/\/rocketbean.com\/lv\/wp-json\/wp\/v2\/product\/7157","targetHints":{"allow":["GET"]}}],"collection":[{"href":"https:\/\/rocketbean.com\/lv\/wp-json\/wp\/v2\/product"}],"about":[{"href":"https:\/\/rocketbean.com\/lv\/wp-json\/wp\/v2\/types\/product"}],"wp:featuredmedia":[{"embeddable":true,"href":"https:\/\/rocketbean.com\/lv\/wp-json\/wp\/v2\/media\/4750"}],"wp:attachment":[{"href":"https:\/\/rocketbean.com\/lv\/wp-json\/wp\/v2\/media?parent=7157"}],"wp:term":[{"taxonomy":"product_brand","embeddable":true,"href":"https:\/\/rocketbean.com\/lv\/wp-json\/wp\/v2\/product_brand?post=7157"},{"taxonomy":"product_cat","embeddable":true,"href":"https:\/\/rocketbean.com\/lv\/wp-json\/wp\/v2\/product_cat?post=7157"},{"taxonomy":"product_tag","embeddable":true,"href":"https:\/\/rocketbean.com\/lv\/wp-json\/wp\/v2\/product_tag?post=7157"},{"taxonomy":"countries","embeddable":true,"href":"https:\/\/rocketbean.com\/lv\/wp-json\/wp\/v2\/countries?post=7157"},{"taxonomy":"drink_type","embeddable":true,"href":"https:\/\/rocketbean.com\/lv\/wp-json\/wp\/v2\/drink_type?post=7157"},{"taxonomy":"range_type","embeddable":true,"href":"https:\/\/rocketbean.com\/lv\/wp-json\/wp\/v2\/range_type?post=7157"}],"curies":[{"name":"wp","href":"https:\/\/api.w.org\/{rel}","templated":true}]}}